{"id":46107,"date":"2021-02-01T03:31:15","date_gmt":"2021-02-01T03:31:15","guid":{"rendered":"https:\/\/acc-edu.jp\/loi-noi-cua-hoc-sinh\/"},"modified":"2023-06-06T08:39:37","modified_gmt":"2023-06-06T08:39:37","slug":"loi-noi-cua-hoc-sinh","status":"publish","type":"page","link":"https:\/\/acc-edu.jp\/vi\/loi-noi-cua-hoc-sinh\/","title":{"rendered":"L\u1eddi n\u00f3i c\u1ee7a h\u1ecdc sinh"},"content":{"rendered":"\n<h1 class=\"uppercase\" style=\"text-align: left;\">L\u1eddi n\u00f3i c\u1ee7a h\u1ecdc sinh<\/h1>\n<div class=\"row\"  id=\"row-737849860\">\n\n\n\t<div id=\"col-1390565984\" class=\"col medium-8 small-12 large-12\"  >\n\t\t\t\t<div class=\"col-inner\"  >\n\t\t\t\n\t\t\t\n\n\n  <div class=\"banner has-hover\" id=\"banner-570800295\">\n          <div class=\"banner-inner fill\">\n        <div class=\"banner-bg fill\" >\n            <div class=\"bg fill bg-fill \"><\/div>\n                        <div class=\"overlay\"><\/div>            \n                    <\/div>\n\t\t\n        <div class=\"banner-layers container\">\n            <div class=\"fill banner-link\"><\/div>            \n\n   <div id=\"text-box-237953333\" class=\"text-box banner-layer x95 md-x95 lg-x95 y90 md-y90 lg-y90 res-text\">\n                                <div class=\"text-box-content text box-shadow-3\">\n              \n              <div class=\"text-inner text-center\">\n                  \n\n<h2>L\u1eddi n\u00f3i c\u1ee7a h\u1ecdc sinh<\/h2>\n<h3 style=\"text-align: center;\"><span style=\"font-size: 85%;\">T\u1ea1i sao b\u1ea1n l\u1ea1i ch\u1ecdn h\u1ecdc t\u1ea1i ACC<\/span><span style=\"font-size: 85%;\">\uff1f<\/span><\/h3>\n\n              <\/div>\n           <\/div>\n                            \n<style>\n#text-box-237953333 .text-box-content {\n  background-color: rgba(255, 255, 255, 0.86);\n  font-size: 100%;\n}\n#text-box-237953333 .text-inner {\n  padding: 30px 30px 30px 30px;\n}\n#text-box-237953333 {\n  width: 60%;\n}\n@media (min-width:550px) {\n  #text-box-237953333 {\n    width: 53%;\n  }\n}\n<\/style>\n    <\/div>\n \n\n        <\/div>\n      <\/div>\n\n            \n<style>\n#banner-570800295 {\n  padding-top: 400px;\n}\n#banner-570800295 .bg.bg-loaded {\n  background-image: 475;\n}\n#banner-570800295 .overlay {\n  background-color: rgba(0, 0, 0, 0.2);\n}\n#banner-570800295 .bg {\n  background-position: 6% 6%;\n}\n#banner-570800295 .ux-shape-divider--top svg {\n  height: 150px;\n  --divider-top-width: 100%;\n}\n#banner-570800295 .ux-shape-divider--bottom svg {\n  height: 150px;\n  --divider-width: 100%;\n}\n<\/style>\n  <\/div>\n\n\n\n\t\t<\/div>\n\t\t\t\t\t<\/div>\n\n\t\n\n<\/div>\n\t<section class=\"section\" id=\"section_1891558913\">\n\t\t<div class=\"bg section-bg fill bg-fill  bg-loaded\" >\n\n\t\t\t\n\t\t\t\n\t\t\t\n\n\t\t<\/div>\n\n\t\t\n\n\t\t<div class=\"section-content relative\">\n\t\t\t\n\n<div class=\"row\"  id=\"row-737278743\">\n\n\n\t<div id=\"col-1840702841\" class=\"col small-12 large-12\"  >\n\t\t\t\t<div class=\"col-inner\" style=\"background-color:rgb(255, 255, 255);\" >\n\t\t\t\n\t\t\t\n\n<div class=\"row row-large\"  id=\"row-1622101726\">\n\n\n\t<div id=\"col-1507030945\" class=\"col medium-4 small-12 large-4\"  >\n\t\t\t\t<div class=\"col-inner\"  >\n\t\t\t\n\t\t\t\n\n\t<div class=\"box has-hover   has-hover box-text-bottom\" >\n\n\t\t<div class=\"box-image\" >\n\t\t\t\t\t\t<div class=\"\" >\n\t\t\t\t<img loading=\"lazy\" decoding=\"async\" width=\"280\" height=\"280\" src=\"https:\/\/acc-edu.jp\/wp-content\/uploads\/2023\/02\/7a5553fffaf48d6b2ba9e2345ca6b3d-280x280-1.jpg\" class=\"attachment- size-\" alt=\"\" \/>\t\t\t\t\t\t\t\t\t\t\t<\/div>\n\t\t\t\t\t<\/div>\n\n\t\t<div class=\"box-text text-center\" >\n\t\t\t<div class=\"box-text-inner\">\n\t\t\t\t\n\n<h4>\u0936\u094d\u0930\u0940 \u0921\u093f\u0902\u0917<\/h4>\n<p>\u091a\u0940\u0928 \u092c\u093e\u091f<\/p>\n\n\n\t\t\t<\/div>\n\t\t<\/div>\n\t<\/div>\n\t\n\n\t\t<\/div>\n\t\t\t\t\n<style>\n#col-1507030945 > .col-inner {\n  padding: 15px 0px 0px 0px;\n}\n<\/style>\n\t<\/div>\n\n\t\n\n\t<div id=\"col-434174796\" class=\"col medium-8 small-12 large-8\"  >\n\t\t\t\t<div class=\"col-inner\"  >\n\t\t\t\n\t\t\t\n\n<div class=\"row row-collapse\"  id=\"row-1120464477\">\n\n\n\t<div id=\"col-1771344192\" class=\"col medium-1 small-12 large-1\"  data-animate=\"bounceInUp\">\n\t\t\t\t<div class=\"col-inner\"  >\n\t\t\t\n\t\t\t\n\n<h3><span style=\"font-size: 300%;\">&#8220;<\/span><\/h3>\n\n\t\t<\/div>\n\t\t\t\t\n<style>\n#col-1771344192 > .col-inner {\n  margin: 0px 0px -50px 0px;\n}\n<\/style>\n\t<\/div>\n\n\t\n\n\t<div id=\"col-304674216\" class=\"col medium-11 small-12 large-11\"  data-animate=\"bounceInUp\">\n\t\t\t\t<div class=\"col-inner\"  >\n\t\t\t\n\t\t\t\n\n\n\t\t<\/div>\n\t\t\t\t\n<style>\n#col-304674216 > .col-inner {\n  margin: 0px 0px -50px 0px;\n}\n<\/style>\n\t<\/div>\n\n\t\n\n<\/div>\n<h3><span style=\"font-size: 80%;\">T\u00f4i l\u00e0 du h\u1ecdc sinh ng\u01b0\u1eddi Trung Qu\u1ed1c<\/span><br> <span style=\"font-size: 80%;\">H\u1ecdc vi\u1ec7n Nh\u1eadt ng\u1eef ACC t\u1ecda l\u1ea1c t\u1ea1i th\u00e0nh ph\u1ed1 l\u1edbn nh\u1ea5t nh\u00ec Nh\u1eadt B\u1ea3n v\u00e0 c\u00f3 giao th\u00f4ng thu\u1eadn ti\u1ec7n. Ngo\u00e0i ra, c\u00e1c<\/span> <span style=\"font-size: 80%;\">th\u1ea7y c\u00f4 r\u1ea5t nhi\u1ec7t t\u00ecnh v\u1edbi c\u00f4ng vi\u1ec7c v\u00e0 ki\u00ean nh\u1eabn gi\u1ea3i th\u00edch v\u1ec1 vi\u1ec7c h\u1ecdc c\u0169ng nh\u01b0 cu\u1ed9c s\u1ed1ng c\u1ee7a t\u00f4i. T\u00f4i c\u1ea3m th\u1ea5y \u0111\u00e2y l\u00e0 m\u1ed9t ng\u00f4i tr\u01b0\u1eddng th\u1eadt \u0111\u00e1ng h\u1ecdc.<\/span><br><span style=\"font-size: 80%;\">Trong t\u01b0\u01a1ng lai, t\u00f4i mu\u1ed1n s\u1ebd \u0111\u1eadu v\u00e0o tr\u01b0\u1eddng \u0111\u1ea1i h\u1ecdc m\u00e0 m\u00ecnh \u0111\u00e3 ch\u1ecdn v\u1edbi s\u1ef1 gi\u00fap \u0111\u1ee1 c\u1ee7a nh\u00e0 tr\u01b0\u1eddng. T\u00f4i s\u1ebd c\u00f9ng nh\u00e0 tr\u01b0\u1eddng \u0111\u1ed3ng h\u00e0nh trong th\u1eddi gian t\u1edbi,<\/span><\/h3>\n\t<div id=\"gap-771728656\" class=\"gap-element clearfix\" style=\"display:block; height:auto;\">\n\t\t\n<style>\n#gap-771728656 {\n  padding-top: 10px;\n}\n<\/style>\n\t<\/div>\n\t\n\n\n\t\t<\/div>\n\t\t\t\t\t<\/div>\n\n\t\n\n<\/div>\n<div class=\"row row-large\"  id=\"row-554094932\">\n\n\n\t<div id=\"col-2085614233\" class=\"col medium-8 small-12 large-8\"  >\n\t\t\t\t<div class=\"col-inner\"  >\n\t\t\t\n\t\t\t\n\n<div class=\"row row-collapse\"  id=\"row-1873464251\">\n\n\n\t<div id=\"col-984122402\" class=\"col medium-1 small-12 large-1\"  data-animate=\"bounceInUp\">\n\t\t\t\t<div class=\"col-inner\"  >\n\t\t\t\n\t\t\t\n\n<h3><span style=\"font-size: 300%;\">&#8220;<\/span><\/h3>\n\n\t\t<\/div>\n\t\t\t\t\n<style>\n#col-984122402 > .col-inner {\n  margin: 0px 0px -50px 0px;\n}\n<\/style>\n\t<\/div>\n\n\t\n\n\t<div id=\"col-68540023\" class=\"col medium-11 small-12 large-11\"  data-animate=\"bounceInUp\">\n\t\t\t\t<div class=\"col-inner\"  >\n\t\t\t\n\t\t\t\n\n\n\t\t<\/div>\n\t\t\t\t\n<style>\n#col-68540023 > .col-inner {\n  margin: 0px 0px -50px 0px;\n}\n<\/style>\n\t<\/div>\n\n\t\n\n<\/div>\n<h3><span style=\"font-size: 80%;\">V\u1edbi mong mu\u1ed1n du h\u1ecdc v\u00e0 t\u00ecm vi\u1ec7c l\u00e0m t\u1ea1i Nh\u1eadt B\u1ea3n trong t\u01b0\u01a1ng lai. \u0110\u01b0\u1ee3c s\u1ef1 gi\u00fap \u0111\u1ee1 t\u1eadn t\u00ecnh c\u1ee7a c\u00e1c th\u1ea7y c\u00f4 t\u1ea1i H\u1ecdc vi\u1ec7n Nh\u1eadt ng\u1eef ACC, t\u00f4i \u0111\u00e3 gi\u1ecfi ti\u1ebfng Nh\u1eadt. T\u00f4i s\u1ebd ti\u1ebfp t\u1ee5c l\u00e0m h\u1ebft s\u1ee9c m\u00ecnh<\/span><\/h3>\n\t<div id=\"gap-741835704\" class=\"gap-element clearfix\" style=\"display:block; height:auto;\">\n\t\t\n<style>\n#gap-741835704 {\n  padding-top: 10px;\n}\n<\/style>\n\t<\/div>\n\t\n\n\n\t\t<\/div>\n\t\t\t\t\t<\/div>\n\n\t\n\n\t<div id=\"col-13114420\" class=\"col medium-4 small-12 large-4\"  >\n\t\t\t\t<div class=\"col-inner\"  >\n\t\t\t\n\t\t\t\n\n\t<div class=\"box has-hover   has-hover box-text-bottom\" >\n\n\t\t<div class=\"box-image\" >\n\t\t\t\t\t\t<div class=\"\" >\n\t\t\t\t<img loading=\"lazy\" decoding=\"async\" width=\"1067\" height=\"800\" src=\"https:\/\/acc-edu.jp\/wp-content\/uploads\/2023\/02\/WeChat-Image_20210315150547-1067x800-1.jpg\" class=\"attachment- size-\" alt=\"\" srcset=\"https:\/\/acc-edu.jp\/wp-content\/uploads\/2023\/02\/WeChat-Image_20210315150547-1067x800-1.jpg 1067w, https:\/\/acc-edu.jp\/wp-content\/uploads\/2023\/02\/WeChat-Image_20210315150547-1067x800-1-534x400.jpg 534w, https:\/\/acc-edu.jp\/wp-content\/uploads\/2023\/02\/WeChat-Image_20210315150547-1067x800-1-768x576.jpg 768w\" sizes=\"auto, (max-width: 1067px) 100vw, 1067px\" \/>\t\t\t\t\t\t\t\t\t\t\t<\/div>\n\t\t\t\t\t<\/div>\n\n\t\t<div class=\"box-text text-center\" >\n\t\t\t<div class=\"box-text-inner\">\n\t\t\t\t\n\n<h4>\u0917\u093e\u0928-\u0938\u093e\u0928, \u0910\u0928-\u0938\u093e\u0928, \u091a\u093f\u0928-\u0938\u093e\u0928<\/h4>\n<p>\u092d\u093f\u092f\u0924\u0928\u093e\u092e \u092c\u093e\u091f<\/p>\n\n\n\t\t\t<\/div>\n\t\t<\/div>\n\t<\/div>\n\t\n\n\t\t<\/div>\n\t\t\t\t\n<style>\n#col-13114420 > .col-inner {\n  padding: 15px 0px 0px 0px;\n}\n<\/style>\n\t<\/div>\n\n\t\n\n<\/div>\n<div class=\"row row-large\"  id=\"row-1783127276\">\n\n\n\t<div id=\"col-2136574704\" class=\"col medium-4 small-12 large-4\"  >\n\t\t\t\t<div class=\"col-inner\"  >\n\t\t\t\n\t\t\t\n\n\t<div class=\"box has-hover   has-hover box-text-bottom\" >\n\n\t\t<div class=\"box-image\" >\n\t\t\t\t\t\t<div class=\"\" >\n\t\t\t\t<img loading=\"lazy\" decoding=\"async\" width=\"1200\" height=\"800\" src=\"https:\/\/acc-edu.jp\/wp-content\/uploads\/2023\/02\/WeChat-Image_20210316161812-1200x800-1.jpg\" class=\"attachment- size-\" alt=\"\" srcset=\"https:\/\/acc-edu.jp\/wp-content\/uploads\/2023\/02\/WeChat-Image_20210316161812-1200x800-1.jpg 1200w, https:\/\/acc-edu.jp\/wp-content\/uploads\/2023\/02\/WeChat-Image_20210316161812-1200x800-1-600x400.jpg 600w, https:\/\/acc-edu.jp\/wp-content\/uploads\/2023\/02\/WeChat-Image_20210316161812-1200x800-1-768x512.jpg 768w\" sizes=\"auto, (max-width: 1200px) 100vw, 1200px\" \/>\t\t\t\t\t\t\t\t\t\t\t<\/div>\n\t\t\t\t\t<\/div>\n\n\t\t<div class=\"box-text text-center\" >\n\t\t\t<div class=\"box-text-inner\">\n\t\t\t\t\n\n<h4>\u0936\u094d\u0930\u0940\u092e\u093e\u0928 DIEN<\/h4>\n<h4>\u092d\u093f\u092f\u0924\u0928\u093e\u092e \u092c\u093e\u091f<\/h4>\n\n\t\t\t<\/div>\n\t\t<\/div>\n\t<\/div>\n\t\n\n\t\t<\/div>\n\t\t\t\t\n<style>\n#col-2136574704 > .col-inner {\n  padding: 15px 0px 0px 0px;\n}\n<\/style>\n\t<\/div>\n\n\t\n\n\t<div id=\"col-11730588\" class=\"col medium-8 small-12 large-8\"  >\n\t\t\t\t<div class=\"col-inner\"  >\n\t\t\t\n\t\t\t\n\n<div class=\"row row-collapse\"  id=\"row-621585394\">\n\n\n\t<div id=\"col-242259987\" class=\"col medium-1 small-12 large-1\"  data-animate=\"bounceInUp\">\n\t\t\t\t<div class=\"col-inner\"  >\n\t\t\t\n\t\t\t\n\n<h3><span style=\"font-size: 300%;\">&#8220;<\/span><\/h3>\n\n\t\t<\/div>\n\t\t\t\t\n<style>\n#col-242259987 > .col-inner {\n  margin: 0px 0px -50px 0px;\n}\n<\/style>\n\t<\/div>\n\n\t\n\n\t<div id=\"col-1307950437\" class=\"col medium-11 small-12 large-11\"  data-animate=\"bounceInUp\">\n\t\t\t\t<div class=\"col-inner\"  >\n\t\t\t\n\t\t\t\n\n\n\t\t<\/div>\n\t\t\t\t\n<style>\n#col-1307950437 > .col-inner {\n  margin: 0px 0px -50px 0px;\n}\n<\/style>\n\t<\/div>\n\n\t\n\n<\/div>\n<h3>T\u00f4i mu\u1ed1n h\u1ecdc ti\u1ebfp v\u00e0o m\u1ed9t tr\u01b0\u1eddng \u0111\u1ea1i h\u1ecdc c\u1ee7a Nh\u1eadt B\u1ea3n trong t\u01b0\u01a1ng lai. V\u00e0 hi\u1ec7n t\u1ea1i, t\u00f4i \u0111ang ch\u0103m ch\u1ec9 h\u1ecdc ti\u1ebfng Nh\u1eadt t\u1ea1i H\u1ecdc vi\u1ec7n Nh\u1eadt ng\u1eef ACC.<\/h3>\n\t<div id=\"gap-820305464\" class=\"gap-element clearfix\" style=\"display:block; height:auto;\">\n\t\t\n<style>\n#gap-820305464 {\n  padding-top: 10px;\n}\n<\/style>\n\t<\/div>\n\t\n\n\n\t\t<\/div>\n\t\t\t\t\t<\/div>\n\n\t\n\n<\/div>\n\n\t\t<\/div>\n\t\t\t\t\t<\/div>\n\n\t\n\n\n<style>\n#row-737278743 > .col > .col-inner {\n  padding: 30px 30px 30px 30px;\n}\n@media (min-width:550px) {\n  #row-737278743 > .col > .col-inner {\n    padding: 50px 50px 30px 50px;\n  }\n}\n<\/style>\n<\/div>\n\n\t\t<\/div>\n\n\t\t\n<style>\n#section_1891558913 {\n  padding-top: 80px;\n  padding-bottom: 80px;\n  background-color: rgb(246, 246, 246);\n}\n#section_1891558913 .ux-shape-divider--top svg {\n  height: 150px;\n  --divider-top-width: 100%;\n}\n#section_1891558913 .ux-shape-divider--bottom svg {\n  height: 150px;\n  --divider-width: 100%;\n}\n<\/style>\n\t<\/section>\n\t\n\n","protected":false},"excerpt":{"rendered":"","protected":false},"author":1,"featured_media":0,"parent":0,"menu_order":0,"comment_status":"closed","ping_status":"closed","template":"page-left-sidebar.php","meta":{"footnotes":""},"class_list":["post-46107","page","type-page","status-publish","hentry"],"_links":{"self":[{"href":"https:\/\/acc-edu.jp\/vi\/wp-json\/wp\/v2\/pages\/46107","targetHints":{"allow":["GET"]}}],"collection":[{"href":"https:\/\/acc-edu.jp\/vi\/wp-json\/wp\/v2\/pages"}],"about":[{"href":"https:\/\/acc-edu.jp\/vi\/wp-json\/wp\/v2\/types\/page"}],"author":[{"embeddable":true,"href":"https:\/\/acc-edu.jp\/vi\/wp-json\/wp\/v2\/users\/1"}],"replies":[{"embeddable":true,"href":"https:\/\/acc-edu.jp\/vi\/wp-json\/wp\/v2\/comments?post=46107"}],"version-history":[{"count":2,"href":"https:\/\/acc-edu.jp\/vi\/wp-json\/wp\/v2\/pages\/46107\/revisions"}],"predecessor-version":[{"id":47864,"href":"https:\/\/acc-edu.jp\/vi\/wp-json\/wp\/v2\/pages\/46107\/revisions\/47864"}],"wp:attachment":[{"href":"https:\/\/acc-edu.jp\/vi\/wp-json\/wp\/v2\/media?parent=46107"}],"curies":[{"name":"wp","href":"https:\/\/api.w.org\/{rel}","templated":true}]}}