{"id":45641,"date":"2020-11-30T10:34:47","date_gmt":"2020-11-30T10:34:47","guid":{"rendered":"https:\/\/acc-edu.jp\/khoa-hoc-danh-cho-nguoi-di-lam\/"},"modified":"2023-03-31T11:49:49","modified_gmt":"2023-03-31T11:49:49","slug":"khoa-hoc-danh-cho-nguoi-di-lam","status":"publish","type":"page","link":"https:\/\/acc-edu.jp\/vi\/khoa-hoc-danh-cho-nguoi-di-lam\/","title":{"rendered":"Kh\u00f3a h\u1ecdc d\u00e0nh cho ng\u01b0\u1eddi \u0111i l\u00e0m"},"content":{"rendered":"\n<h1>Kh\u00f3a h\u1ecdc d\u00e0nh cho ng\u01b0\u1eddi \u0111i l\u00e0m<\/h1>\n<div class=\"row\"  id=\"row-1891411974\">\n\n\n\t<div id=\"col-2051899597\" class=\"col small-12 large-12\"  >\n\t\t\t\t<div class=\"col-inner\"  >\n\t\t\t\n\t\t\t\n\n<h2 class=\"h2Bg\">\u0110\u1eb7c tr\u01b0ng c\u1ee7a kh\u00f3a h\u1ecdc<\/h2>\n<p><span style=\"font-weight: 400;\">Ch\u00fang t\u00f4i nh\u1eadn \u0111\u00e0o t\u1ea1o ti\u1ebfng Nh\u1eadt cho ng\u01b0\u1eddi n\u01b0\u1edbc ngo\u00e0i \u0111\u1ebfn c\u00e1c c\u00f4ng ty Nh\u1eadt B\u1ea3n \u0111\u00e0o t\u1ea1o t\u1eeb n\u01b0\u1edbc ngo\u00e0i v\u00e0 cho ng\u01b0\u1eddi n\u01b0\u1edbc ngo\u00e0i l\u00e0m vi\u1ec7c t\u1ea1i Nh\u1eadt B\u1ea3n. H\u1ecdc vi\u1ec7n Nh\u1eadt ng\u1eef ACC \u0111\u00e0o t\u1ea1o ti\u1ebfng Nh\u1eadt theo nhu c\u1ea7u c\u1ee7a t\u1eebng c\u00f4ng ty. Ch\u00fang t\u00f4i s\u1ebd \u0111\u01b0a ra k\u1ebf ho\u1ea1ch \u0111\u00e0o t\u1ea1o ti\u1ebfng Nh\u1eadt ph\u00f9 h\u1ee3p v\u00e0o th\u1eddi gian b\u1ea1n mong mu\u1ed1n.<\/span><\/p>\n<p><span style=\"font-weight: 400;\">Ch\u00fang t\u00f4i c\u0169ng k\u1ebft h\u1ee3p c\u00e1c k\u1ebf ho\u1ea1ch ng\u1eafn h\u1ea1n ban \u0111\u1ea7u theo y\u00eau c\u1ea7u \u0111\u1eb7c bi\u1ec7t. Ch\u00fang t\u00f4i cung c\u1ea5p c\u00e1c ho\u1ea1t \u0111\u1ed9ng h\u1ecdc t\u1eadp ngo\u00e0i khu\u00f4n vi\u00ean tr\u01b0\u1eddng nh\u01b0 tham quan c\u00e1c c\u00f4ng ty v\u00e0 nh\u00e0 m\u00e1y Nh\u1eadt B\u1ea3n, c\u00e1c chuy\u1ebfn tham quan trong ng\u00e0y v\u00e0 tr\u1ea3i nghi\u1ec7m v\u0103n h\u00f3a truy\u1ec1n th\u1ed1ng Nh\u1eadt B\u1ea3n.<\/span><\/p>\n<h2><span style=\"font-weight: 400;\">N\u1ed9i dung kh\u00f3a h\u1ecdc<\/span><\/h2>\n<p><span style=\"font-weight: 400;\">C\u00f3 ba giai \u0111o\u1ea1n t\u1eeb s\u01a1 c\u1ea5p \u0111\u1ebfn cao c\u1ea5p, sau khi hi\u1ec3u \u0111\u01b0\u1ee3c nhu c\u1ea7u c\u1ee7a c\u00e1c c\u00f4ng ty v\u00e0 t\u00ecnh h\u00ecnh hi\u1ec7n t\u1ea1i c\u1ee7a ng\u01b0\u1eddi h\u1ecdc, ch\u00fang t\u00f4i \u0111\u01b0a ra c\u00e1c b\u00e0i h\u1ecdc t\u00f9y theo kh\u1ea3 n\u0103ng v\u00e0 mong mu\u1ed1n, c\u00e1c b\u1ea1n c\u00f3 th\u1ec3 h\u1ecdc ti\u1ebfng Nh\u1eadt t\u00f9y theo m\u1ee5c \u0111\u00edch c\u1ee7a m\u00ecnh.<\/span><\/p>\n<table style=\"margin: 0px; padding: 0px; background-color: #c3e4b4; border-collapse: collapse; border-spacing: 0px; height: 379px;\" border=\"1\" width=\"620\" cellspacing=\"1\">\n<tbody style=\"margin: 0px; padding: 0px;\">\n<tr style=\"margin: 0px; padding: 0px;\">\n<th class=\"td_1\" style=\"margin: 0px; padding: 8px 0px 8px 10px; background-color: #4f9d34; color: #ffffff; width: 5%; text-align: left;\"><span style=\"font-size: 85%;\">C\u1ea5p \u0111\u1ed9<\/span><\/th>\n<th class=\"td_2\" style=\"margin: 0px; padding: 8px 0px 8px 30px; background-color: #4f9d34; color: #ffffff; text-align: left; width: 50%;\">N\u1ed9i dung<\/th>\n<\/tr>\n<tr style=\"margin: 0px; padding: 0px;\">\n<td class=\"td_1\" style=\"margin: 0px; padding: 7px 0px 7px 10px; width: 5%;\"><span style=\"font-weight: 400;\">S\u01a1 c\u1ea5p<\/span><\/td>\n<td class=\"td_2\" style=\"margin: 0px; padding: 7px 0px 7px 30px; width: 50%;\">\n<p><span style=\"font-weight: 400;\">Giao ti\u1ebfp c\u01a1 b\u1ea3n<\/span><\/p>\n<p><span style=\"font-weight: 400;\">Giao ti\u1ebfph\u1ed9i tho\u1ea1i h\u00e0ng ng\u00e0y<\/span><\/p>\n<p><span style=\"font-weight: 400;\">Giao ti\u1ebfp &#8211; tr\u1ef1c \u0111i\u1ec7n tho\u1ea1i<\/span><\/p>\n<p><span style=\"font-weight: 400;\">Gi\u1ea3i th\u00edch c\u00e1c th\u1ee7 t\u1ee5c, l\u1ecbch l\u00e0m vi\u1ec7c v\u00e0 c\u00e1c v\u1ea5n \u0111\u1ec1<\/span><\/p>\n<p><span style=\"font-weight: 400;\">S\u1eed d\u1ee5ng t\u1eeb ng\u1eef danh x\u01b0ng \u0111\u00fang khi giao ti\u1ebfp v\u1edbi \u0111\u1ed1i ph\u01b0\u01a1ng<\/span><\/p>\n<\/td>\n<\/tr>\n<tr class=\"trbg\" style=\"margin: 0px; padding: 0px; background-color: #ffffff;\">\n<td class=\"td_1\" style=\"margin: 0px; padding: 7px 0px 7px 10px; width: 5%;\"><span style=\"font-weight: 400;\">Trung c\u1ea5p<\/span><\/td>\n<td class=\"td_2\" style=\"margin: 0px; padding: 7px 0px 7px 30px; width: 50%;\">\n<p><span style=\"font-weight: 400;\">Giao ti\u1ebfp tr\u00f4i ch\u1ea3y, truy\u1ec1n t\u1ea3i th\u00f4ng tin ch\u00ednh x\u00e1c<\/span><\/p>\n<p><span style=\"font-weight: 400;\">S\u1eed d\u1ee5ng \u0111\u01b0\u1ee3c k\u00ednh ng\u1eef<\/span><\/p>\n<p><span style=\"font-weight: 400;\">N\u1eafm b\u1eaft \u0111\u01b0\u1ee3c th\u00f4ng tin t\u1eeb b\u00e1o v\u00e0 t\u1ea1p ch\u00ed, v.v.<\/span><\/p>\n<\/td>\n<\/tr>\n<tr style=\"margin: 0px; padding: 0px;\">\n<td class=\"td_1\" style=\"margin: 0px; padding: 7px 0px 7px 10px; width: 5%;\"><span style=\"font-weight: 400;\">Cao c\u1ea5p<\/span><\/td>\n<td class=\"td_2\" style=\"margin: 0px; padding: 7px 0px 7px 30px; width: 50%;\">\n<p><span style=\"font-weight: 400;\">Trao \u0111\u1ed5i &#8211; \u0111\u00e0m ph\u00e1n<\/span><\/p>\n<p><span style=\"font-weight: 400;\">Thi\u1ebft l\u1eadp t\u00e0i li\u1ec7u<\/span><\/p>\n<p><span style=\"font-weight: 400;\">Phi\u00ean d\u1ecbch<\/span><\/p>\n<p><span style=\"font-weight: 400;\">\u0110\u1ea1t k\u1ebft qu\u1ea3 cao \u1edf k\u1ef3 thi n\u0103ng l\u1ef1c ti\u1ebfng Nh\u1eadt th\u01b0\u01a1ng m\u1ea1i BJT, v.v.<\/span><\/p>\n<\/td>\n<\/tr>\n<\/tbody>\n<\/table>\n<p> <\/p>\n<h2><span style=\"font-weight: 400;\">\u0110i\u1ec1u ki\u1ec7n nh\u1eadp h\u1ecdc<\/span><\/h2>\n<p><span style=\"font-weight: 400;\">Kh\u00f4ng c\u1ea7n n\u1ed9p h\u1ed3 s\u01a1.<\/span><\/p>\n<h2>Quy tr\u00ecnh nh\u1eadp h\u1ecdc<\/h2>\n<table style=\"margin: 0px; padding: 0px; background-color: #c3e4b4; border-collapse: collapse; border-spacing: 0px; height: 0px;\" border=\"1\">\n<tbody style=\"margin: 0px; padding: 0px;\">\n<tr style=\"margin: 0px; padding: 0px;\">\n<th class=\"td_1\" style=\"margin: 0px; padding: 8px 0px 8px 10px; background-color: #4f9d34; color: #ffffff; width: 5%; text-align: left;\"><span style=\"font-size: 85%;\">NO.<\/span><\/th>\n<th class=\"td_2\" style=\"margin: 0px; padding: 8px 0px 8px 30px; background-color: #4f9d34; color: #ffffff; text-align: left; width: 50%;\">N\u1ed9i dung<\/th>\n<\/tr>\n<tr style=\"margin: 0px; padding: 0px;\">\n<td class=\"td_1\" style=\"margin: 0px; padding: 7px 0px 7px 10px; width: 5%;\"><span style=\"color: #000000;\">1<\/span><\/td>\n<td class=\"td_2\" style=\"margin: 0px; padding: 7px 0px 7px 30px; width: 50%;\">Li\u00ean h\u1ec7<\/td>\n<\/tr>\n<tr class=\"trbg\" style=\"margin: 0px; padding: 0px; background-color: #ffffff;\">\n<td class=\"td_1\" style=\"margin: 0px; padding: 7px 0px 7px 10px; width: 5%;\"><span style=\"color: #000000;\">2<\/span><\/td>\n<td class=\"td_2\" style=\"margin: 0px; padding: 7px 0px 7px 30px; width: 50%;\"><span style=\"font-weight: 400;\">Ch\u1ecdn kh\u00f3a h\u1ecdc\u3010d\u1ef1 t\u00ednh\u3011<\/span><\/td>\n<\/tr>\n<tr style=\"margin: 0px; padding: 0px;\">\n<td class=\"td_1\" style=\"margin: 0px; padding: 7px 0px 7px 10px; width: 5%;\"><span style=\"color: #000000;\">3<\/span><\/td>\n<td class=\"td_2\" style=\"margin: 0px; padding: 7px 0px 7px 30px; width: 50%;\"><span style=\"font-weight: 400;\">L\u00e0m th\u1ee7 t\u1ee5c nh\u1eadp h\u1ecdc H\u1ecdc vi\u1ec7n Nh\u1eadt ng\u1eef ACC<\/span><\/td>\n<\/tr>\n<tr class=\"trbg\" style=\"margin: 0px; padding: 0px; background-color: #ffffff;\">\n<td class=\"td_1\" style=\"margin: 0px; padding: 7px 0px 7px 10px; width: 5%;\"><span style=\"color: #000000;\">4<\/span><\/td>\n<td class=\"td_2\" style=\"margin: 0px; padding: 7px 0px 7px 30px; width: 50%;\">Tham gia \u0111\u00e0o t\u1ea1o<\/td>\n<\/tr>\n<\/tbody>\n<\/table>\n<p> <\/p>\n<h2>H\u1ed3 s\u01a1 c\u1ea7n n\u1ed9p<\/h2>\n<p><span style=\"font-weight: 400;\">Kh\u00f4ng c\u1ea7n n\u1ed9p h\u1ed3 s\u01a1.<\/span><\/p>\n<h2>H\u1ecdc ph\u00ed<\/h2>\n<p><span style=\"font-weight: 400;\">Vui l\u00f2ng li\u00ean h\u1ec7 ri\u00eang v\u1edbi ch\u00fang t\u00f4i.<\/span><\/p>\n\n\t\t<\/div>\n\t\t\t\t\t<\/div>\n\n\t\n\n<\/div>\n\n","protected":false},"excerpt":{"rendered":"","protected":false},"author":1,"featured_media":0,"parent":0,"menu_order":0,"comment_status":"closed","ping_status":"closed","template":"page-left-sidebar.php","meta":{"footnotes":""},"class_list":["post-45641","page","type-page","status-publish","hentry"],"_links":{"self":[{"href":"https:\/\/acc-edu.jp\/vi\/wp-json\/wp\/v2\/pages\/45641","targetHints":{"allow":["GET"]}}],"collection":[{"href":"https:\/\/acc-edu.jp\/vi\/wp-json\/wp\/v2\/pages"}],"about":[{"href":"https:\/\/acc-edu.jp\/vi\/wp-json\/wp\/v2\/types\/page"}],"author":[{"embeddable":true,"href":"https:\/\/acc-edu.jp\/vi\/wp-json\/wp\/v2\/users\/1"}],"replies":[{"embeddable":true,"href":"https:\/\/acc-edu.jp\/vi\/wp-json\/wp\/v2\/comments?post=45641"}],"version-history":[{"count":3,"href":"https:\/\/acc-edu.jp\/vi\/wp-json\/wp\/v2\/pages\/45641\/revisions"}],"predecessor-version":[{"id":46557,"href":"https:\/\/acc-edu.jp\/vi\/wp-json\/wp\/v2\/pages\/45641\/revisions\/46557"}],"wp:attachment":[{"href":"https:\/\/acc-edu.jp\/vi\/wp-json\/wp\/v2\/media?parent=45641"}],"curies":[{"name":"wp","href":"https:\/\/api.w.org\/{rel}","templated":true}]}}