{"id":45471,"date":"2020-12-02T09:49:21","date_gmt":"2020-12-02T09:49:21","guid":{"rendered":"https:\/\/acc-edu.jp\/co-cau-cong-ty-2\/"},"modified":"2023-06-20T07:40:30","modified_gmt":"2023-06-20T07:40:30","slug":"co-cau-cong-ty-2","status":"publish","type":"page","link":"https:\/\/acc-edu.jp\/vi\/co-cau-cong-ty-2\/","title":{"rendered":"C\u01a1 c\u1ea5u c\u00f4ng ty"},"content":{"rendered":"\n<div class=\"row\"  id=\"row-473874392\">\n\n\n\t<div id=\"col-1957895290\" class=\"col small-12 large-12\"  >\n\t\t\t\t<div class=\"col-inner\"  >\n\t\t\t\n\t\t\t\n\n<h2>L\u1ecbch s\u1eed<\/h2>\n\t<section class=\"section\" id=\"section_757107215\">\n\t\t<div class=\"bg section-bg fill bg-fill  bg-loaded\" >\n\n\t\t\t\n\t\t\t\n\t\t\t\n\n\t\t<\/div>\n\n\t\t\n\n\t\t<div class=\"section-content relative\">\n\t\t\t\n\n<div class=\"row\"  id=\"row-1813602833\">\n\n\n\t<div id=\"col-635634490\" class=\"col small-12 large-12\"  >\n\t\t\t\t<div class=\"col-inner\"  >\n\t\t\t\n\t\t\t\n\n<div class=\"row row-collapse align-equal align-right\"  id=\"row-1586083518\">\n\n\n\t<div id=\"col-873479325\" class=\"col medium-2 small-12 large-2\"  >\n\t\t\t\t<div class=\"col-inner\"  >\n\t\t\t\n\t<div class=\"is-border is-dashed\"\n\t\tstyle=\"border-color:rgb(228, 228, 228);border-width:0px 2px 0px 0px;margin:60px 50% 0px 0px;\">\n\t<\/div>\n\t\t\t\n\n\n\t\t<div class=\"icon-box featured-box icon-box-center text-center\"  >\n\t\t\t\t\t<div class=\"icon-box-img has-icon-bg\" style=\"width: 60px\">\n\t\t\t\t<div class=\"icon\">\n\t\t\t\t\t<div class=\"icon-inner\" style=\"border-width:3px;color:rgb(42, 51, 226);\">\n\t\t\t\t\t\t\t\t\t\t\t<\/div>\n\t\t\t\t<\/div>\n\t\t\t<\/div>\n\t\t\t\t<div class=\"icon-box-text last-reset\">\n\t\t\t\t\t\t\t\t\t\n\n\t<div id=\"gap-394962755\" class=\"gap-element clearfix hidden\" style=\"display:block; height:auto;\">\n\t\t\n<style>\n#gap-394962755 {\n  padding-top: 30px;\n}\n<\/style>\n\t<\/div>\n\t\n\n\n\t\t<\/div>\n\t<\/div>\n\t\n\t\n\n\t\t<\/div>\n\t\t\t\t\t<\/div>\n\n\t\n\n\t<div id=\"col-23207896\" class=\"col medium-5 small-12 large-5\"  data-animate=\"bounceInUp\">\n\t\t\t\t<div class=\"col-inner box-shadow-2\"  >\n\t\t\t\n\t\t\t\n\n<div class=\"row row-collapse\"  id=\"row-123129025\">\n\n\n\t<div id=\"col-154417022\" class=\"col small-12 large-12\"  >\n\t\t\t\t<div class=\"col-inner dark\" style=\"background-color:rgb(42, 51, 226);\" >\n\t\t\t\n\t\t\t\n\n<h3 style=\"text-align: center;\">Th\u00e1ng 10 n\u0103m 2018<\/h3>\n\n\t\t<\/div>\n\t\t\t\t\t<\/div>\n\n\t\n\n\t<div id=\"col-125085311\" class=\"col small-12 large-12\"  >\n\t\t\t\t<div class=\"col-inner\" style=\"background-color:rgb(255,255,255);\" >\n\t\t\t\n\t\t\t\n\n<h3 style=\"text-align: center;\">C\u00f4ng ty \uff2b.S\u3042\u3055\u3072<\/h3>\n\n\t\t<\/div>\n\t\t\t\t\t<\/div>\n\n\t\n\n\n<style>\n#row-123129025 > .col > .col-inner {\n  padding: 10px 20px 2px 20px;\n}\n<\/style>\n<\/div>\n\n\t\t<\/div>\n\t\t\t\t\n<style>\n#col-23207896 > .col-inner {\n  margin: 0px 0px 25px 0px;\n}\n<\/style>\n\t<\/div>\n\n\t\n\n<\/div>\n<div class=\"row row-collapse align-equal\"  id=\"row-1750397660\">\n\n\n\t<div id=\"col-947435411\" class=\"col medium-5 small-12 large-5\"  data-animate=\"bounceInUp\">\n\t\t\t\t<div class=\"col-inner box-shadow-2\"  >\n\t\t\t\n\t\t\t\n\n<div class=\"row row-collapse\"  id=\"row-1745366867\">\n\n\n\t<div id=\"col-78167619\" class=\"col small-12 large-12\"  >\n\t\t\t\t<div class=\"col-inner dark\" style=\"background-color:rgb(154, 208, 173);\" >\n\t\t\t\n\t\t\t\n\n<h3 style=\"text-align: center;\">Th\u00e1ng 11 n\u0103m 2019<\/h3>\n\n\t\t<\/div>\n\t\t\t\t\t<\/div>\n\n\t\n\n\t<div id=\"col-906320011\" class=\"col small-12 large-12\"  >\n\t\t\t\t<div class=\"col-inner\" style=\"background-color:rgb(255,255,255);\" >\n\t\t\t\n\t\t\t\n\n<h3 style=\"text-align: center;\">Gi\u1ea5y ph\u00e9p ch\u1ee9ng nh\u1eadn th\u00e0nh l\u1eadp H\u1ecdc vi\u1ec7n<\/h3>\n\n\t\t<\/div>\n\t\t\t\t\t<\/div>\n\n\t\n\n\n<style>\n#row-1745366867 > .col > .col-inner {\n  padding: 10px 20px 2px 20px;\n}\n<\/style>\n<\/div>\n\n\t\t<\/div>\n\t\t\t\t\n<style>\n#col-947435411 > .col-inner {\n  margin: 0px 0px 25px 0px;\n}\n<\/style>\n\t<\/div>\n\n\t\n\n\t<div id=\"col-908707888\" class=\"col medium-2 small-12 large-2 small-col-first\"  >\n\t\t\t\t<div class=\"col-inner\"  >\n\t\t\t\n\t<div class=\"is-border is-dashed\"\n\t\tstyle=\"border-color:rgb(228, 228, 228);border-width:0px 2px 0px 0px;margin:60px 50% 0px 0px;\">\n\t<\/div>\n\t\t\t\n\n\n\t\t<div class=\"icon-box featured-box icon-box-center text-center\"  >\n\t\t\t\t\t<div class=\"icon-box-img has-icon-bg\" style=\"width: 60px\">\n\t\t\t\t<div class=\"icon\">\n\t\t\t\t\t<div class=\"icon-inner\" style=\"border-width:3px;color:rgb(154, 208, 173);\">\n\t\t\t\t\t\t\t\t\t\t\t<\/div>\n\t\t\t\t<\/div>\n\t\t\t<\/div>\n\t\t\t\t<div class=\"icon-box-text last-reset\">\n\t\t\t\t\t\t\t\t\t\n\n\t<div id=\"gap-93278136\" class=\"gap-element clearfix hidden\" style=\"display:block; height:auto;\">\n\t\t\n<style>\n#gap-93278136 {\n  padding-top: 30px;\n}\n<\/style>\n\t<\/div>\n\t\n\n\n\t\t<\/div>\n\t<\/div>\n\t\n\t\n\n\t\t<\/div>\n\t\t\t\t\t<\/div>\n\n\t\n\n<\/div>\n<div class=\"row row-collapse align-equal align-right\"  id=\"row-1443472035\">\n\n\n\t<div id=\"col-792847419\" class=\"col medium-2 small-12 large-2\"  >\n\t\t\t\t<div class=\"col-inner\"  >\n\t\t\t\n\t<div class=\"is-border is-dashed\"\n\t\tstyle=\"border-color:rgb(228, 228, 228);border-width:0px 2px 0px 0px;margin:60px 50% 0px 0px;\">\n\t<\/div>\n\t\t\t\n\n\n\t\t<div class=\"icon-box featured-box icon-box-center text-center\"  >\n\t\t\t\t\t<div class=\"icon-box-img has-icon-bg\" style=\"width: 60px\">\n\t\t\t\t<div class=\"icon\">\n\t\t\t\t\t<div class=\"icon-inner\" style=\"border-width:3px;color:rgb(251, 201, 51);\">\n\t\t\t\t\t\t\t\t\t\t\t<\/div>\n\t\t\t\t<\/div>\n\t\t\t<\/div>\n\t\t\t\t<div class=\"icon-box-text last-reset\">\n\t\t\t\t\t\t\t\t\t\n\n\t<div id=\"gap-1706327862\" class=\"gap-element clearfix hidden\" style=\"display:block; height:auto;\">\n\t\t\n<style>\n#gap-1706327862 {\n  padding-top: 30px;\n}\n<\/style>\n\t<\/div>\n\t\n\n\n\t\t<\/div>\n\t<\/div>\n\t\n\t\n\n\t\t<\/div>\n\t\t\t\t\t<\/div>\n\n\t\n\n\t<div id=\"col-1316785492\" class=\"col medium-5 small-12 large-5\"  data-animate=\"bounceInUp\">\n\t\t\t\t<div class=\"col-inner box-shadow-2\"  >\n\t\t\t\n\t\t\t\n\n<div class=\"row row-collapse\"  id=\"row-1380844719\">\n\n\n\t<div id=\"col-1551505085\" class=\"col small-12 large-12\"  >\n\t\t\t\t<div class=\"col-inner dark\" style=\"background-color:rgb(251, 201, 51);\" >\n\t\t\t\n\t\t\t\n\n<h3 style=\"text-align: center;\">Th\u00e1ng 2 n\u0103m 2020<\/h3>\n\n\t\t<\/div>\n\t\t\t\t\t<\/div>\n\n\t\n\n\t<div id=\"col-326244280\" class=\"col small-12 large-12\"  >\n\t\t\t\t<div class=\"col-inner\" style=\"background-color:rgb(255,255,255);\" >\n\t\t\t\n\t\t\t\n\n<h3 style=\"text-align: center;\">X\u00e2y d\u1ef1ng kh\u00f3a h\u1ecdc online<\/h3>\n\n\t\t<\/div>\n\t\t\t\t\t<\/div>\n\n\t\n\n\n<style>\n#row-1380844719 > .col > .col-inner {\n  padding: 10px 20px 2px 20px;\n}\n<\/style>\n<\/div>\n\n\t\t<\/div>\n\t\t\t\t\n<style>\n#col-1316785492 > .col-inner {\n  margin: 0px 0px 25px 0px;\n}\n<\/style>\n\t<\/div>\n\n\t\n\n<\/div>\n<div class=\"row row-collapse align-equal\"  id=\"row-1033266306\">\n\n\n\t<div id=\"col-791121845\" class=\"col medium-5 small-12 large-5\"  data-animate=\"bounceInUp\">\n\t\t\t\t<div class=\"col-inner box-shadow-2\"  >\n\t\t\t\n\t\t\t\n\n<div class=\"row row-collapse\"  id=\"row-767131549\">\n\n\n\t<div id=\"col-704990847\" class=\"col small-12 large-12\"  >\n\t\t\t\t<div class=\"col-inner dark\" style=\"background-color:rgb(249, 113, 104);\" >\n\t\t\t\n\t\t\t\n\n<h3 style=\"text-align: center;\">Th\u00e1ng 4 n\u0103m 2020<\/h3>\n\n\t\t<\/div>\n\t\t\t\t\t<\/div>\n\n\t\n\n\t<div id=\"col-24919141\" class=\"col small-12 large-12\"  >\n\t\t\t\t<div class=\"col-inner\" style=\"background-color:rgb(255,255,255);\" >\n\t\t\t\n\t\t\t\n\n<h3 style=\"text-align: center;\">Khai tr\u01b0\u1eddng<\/h3>\n\n\t\t<\/div>\n\t\t\t\t\t<\/div>\n\n\t\n\n\n<style>\n#row-767131549 > .col > .col-inner {\n  padding: 10px 20px 2px 20px;\n}\n<\/style>\n<\/div>\n\n\t\t<\/div>\n\t\t\t\t\n<style>\n#col-791121845 > .col-inner {\n  margin: 0px 0px 25px 0px;\n}\n<\/style>\n\t<\/div>\n\n\t\n\n\t<div id=\"col-2092281740\" class=\"col medium-2 small-12 large-2 small-col-first\"  >\n\t\t\t\t<div class=\"col-inner\"  >\n\t\t\t\n\t<div class=\"is-border is-dashed\"\n\t\tstyle=\"border-color:rgb(228, 228, 228);border-width:0px 2px 0px 0px;margin:60px 50% 0px 0px;\">\n\t<\/div>\n\t\t\t\n\n\n\t\t<div class=\"icon-box featured-box icon-box-center text-center\"  >\n\t\t\t\t\t<div class=\"icon-box-img has-icon-bg\" style=\"width: 60px\">\n\t\t\t\t<div class=\"icon\">\n\t\t\t\t\t<div class=\"icon-inner\" style=\"border-width:3px;color:rgb(249, 113, 104);\">\n\t\t\t\t\t\t\t\t\t\t\t<\/div>\n\t\t\t\t<\/div>\n\t\t\t<\/div>\n\t\t\t\t<div class=\"icon-box-text last-reset\">\n\t\t\t\t\t\t\t\t\t\n\n\t<div id=\"gap-1556740029\" class=\"gap-element clearfix hidden\" style=\"display:block; height:auto;\">\n\t\t\n<style>\n#gap-1556740029 {\n  padding-top: 30px;\n}\n<\/style>\n\t<\/div>\n\t\n\n\n\t\t<\/div>\n\t<\/div>\n\t\n\t\n\n\t\t<\/div>\n\t\t\t\t\t<\/div>\n\n\t\n\n<\/div>\n<div class=\"row row-collapse align-equal align-right\"  id=\"row-1645866369\">\n\n\n\t<div id=\"col-2081848254\" class=\"col medium-2 small-12 large-2\"  >\n\t\t\t\t<div class=\"col-inner\"  >\n\t\t\t\n\t<div class=\"is-border is-dashed\"\n\t\tstyle=\"border-color:rgb(228, 228, 228);border-width:0px 2px 0px 0px;margin:60px 50% 0px 0px;\">\n\t<\/div>\n\t\t\t\n\n\n\t\t<div class=\"icon-box featured-box icon-box-center text-center\"  >\n\t\t\t\t\t<div class=\"icon-box-img has-icon-bg\" style=\"width: 60px\">\n\t\t\t\t<div class=\"icon\">\n\t\t\t\t\t<div class=\"icon-inner\" style=\"border-width:3px;color:rgb(42, 51, 226);\">\n\t\t\t\t\t\t\t\t\t\t\t<\/div>\n\t\t\t\t<\/div>\n\t\t\t<\/div>\n\t\t\t\t<div class=\"icon-box-text last-reset\">\n\t\t\t\t\t\t\t\t\t\n\n\t<div id=\"gap-1133948701\" class=\"gap-element clearfix hidden\" style=\"display:block; height:auto;\">\n\t\t\n<style>\n#gap-1133948701 {\n  padding-top: 30px;\n}\n<\/style>\n\t<\/div>\n\t\n\n\n\t\t<\/div>\n\t<\/div>\n\t\n\t\n\n\t\t<\/div>\n\t\t\t\t\t<\/div>\n\n\t\n\n\t<div id=\"col-2057309756\" class=\"col medium-5 small-12 large-5\"  data-animate=\"bounceInUp\">\n\t\t\t\t<div class=\"col-inner box-shadow-2\"  >\n\t\t\t\n\t\t\t\n\n<div class=\"row row-collapse\"  id=\"row-986900610\">\n\n\n\t<div id=\"col-634804562\" class=\"col small-12 large-12\"  >\n\t\t\t\t<div class=\"col-inner dark\" style=\"background-color:rgb(42, 51, 226);\" >\n\t\t\t\n\t\t\t\n\n<h3 style=\"text-align: center;\">Th\u00e1ng 12 n\u0103m 2021<\/h3>\n\n\t\t<\/div>\n\t\t\t\t\t<\/div>\n\n\t\n\n\t<div id=\"col-139871997\" class=\"col small-12 large-12\"  >\n\t\t\t\t<div class=\"col-inner\" style=\"background-color:rgb(255,255,255);\" >\n\t\t\t\n\t\t\t\n\n<h3 style=\"text-align: center;\"><span style=\"font-size: 95%;\">H\u1ecdc sinh h\u1ecdc k\u1ef3 1 nh\u1eadp h\u1ecdc<\/span><\/h3>\n\n\t\t<\/div>\n\t\t\t\t\t<\/div>\n\n\t\n\n\n<style>\n#row-986900610 > .col > .col-inner {\n  padding: 10px 20px 2px 20px;\n}\n<\/style>\n<\/div>\n\n\t\t<\/div>\n\t\t\t\t\n<style>\n#col-2057309756 > .col-inner {\n  margin: 0px 0px 25px 0px;\n}\n<\/style>\n\t<\/div>\n\n\t\n\n<\/div>\n<div class=\"row row-collapse align-equal\"  id=\"row-1511339312\">\n\n\n\t<div id=\"col-1696272991\" class=\"col medium-5 small-12 large-5\"  data-animate=\"bounceInUp\">\n\t\t\t\t<div class=\"col-inner box-shadow-2\"  >\n\t\t\t\n\t\t\t\n\n<div class=\"row row-collapse\"  id=\"row-625552679\">\n\n\n\t<div id=\"col-903747572\" class=\"col small-12 large-12\"  >\n\t\t\t\t<div class=\"col-inner dark\" style=\"background-color:rgb(42, 51, 226);\" >\n\t\t\t\n\t\t\t\n\n<h3 style=\"text-align: center;\">th\u00e1ng 3 n\u0103m 2022<\/h3>\n\n\t\t<\/div>\n\t\t\t\t\t<\/div>\n\n\t\n\n\t<div id=\"col-1035488512\" class=\"col small-12 large-12\"  >\n\t\t\t\t<div class=\"col-inner\" style=\"background-color:rgb(255,255,255);\" >\n\t\t\t\n\t\t\t\n\n<h3 style=\"text-align: center;\"><span style=\"font-size: 95%;\">t\u1ed1t nghi\u1ec7p l\u1edbp 1<\/span><\/h3>\n\n\t\t<\/div>\n\t\t\t\t\t<\/div>\n\n\t\n\n\n<style>\n#row-625552679 > .col > .col-inner {\n  padding: 10px 20px 2px 20px;\n}\n<\/style>\n<\/div>\n\n\t\t<\/div>\n\t\t\t\t\n<style>\n#col-1696272991 > .col-inner {\n  margin: 0px 0px 25px 0px;\n}\n<\/style>\n\t<\/div>\n\n\t\n\n\t<div id=\"col-955150814\" class=\"col medium-2 small-12 large-2\"  >\n\t\t\t\t<div class=\"col-inner\"  >\n\t\t\t\n\t<div class=\"is-border is-dashed\"\n\t\tstyle=\"border-color:rgb(228, 228, 228);border-width:0px 2px 0px 0px;margin:60px 50% 0px 0px;\">\n\t<\/div>\n\t\t\t\n\n\n\t\t<div class=\"icon-box featured-box icon-box-center text-center\"  >\n\t\t\t\t\t<div class=\"icon-box-img has-icon-bg\" style=\"width: 60px\">\n\t\t\t\t<div class=\"icon\">\n\t\t\t\t\t<div class=\"icon-inner\" style=\"border-width:3px;color:rgb(42, 51, 226);\">\n\t\t\t\t\t\t\t\t\t\t\t<\/div>\n\t\t\t\t<\/div>\n\t\t\t<\/div>\n\t\t\t\t<div class=\"icon-box-text last-reset\">\n\t\t\t\t\t\t\t\t\t\n\n\t<div id=\"gap-502383754\" class=\"gap-element clearfix hidden\" style=\"display:block; height:auto;\">\n\t\t\n<style>\n#gap-502383754 {\n  padding-top: 30px;\n}\n<\/style>\n\t<\/div>\n\t\n\n\n\t\t<\/div>\n\t<\/div>\n\t\n\t\n\n\t\t<\/div>\n\t\t\t\t\t<\/div>\n\n\t\n\n<\/div>\n<div class=\"row row-collapse align-equal align-right\"  id=\"row-403600873\">\n\n\n\t<div id=\"col-514825942\" class=\"col medium-2 small-12 large-2\"  >\n\t\t\t\t<div class=\"col-inner\"  >\n\t\t\t\n\t<div class=\"is-border is-dashed\"\n\t\tstyle=\"border-color:rgb(228, 228, 228);border-width:0px 2px 0px 0px;margin:60px 50% 0px 0px;\">\n\t<\/div>\n\t\t\t\n\n\n\t\t<div class=\"icon-box featured-box icon-box-center text-center\"  >\n\t\t\t\t\t<div class=\"icon-box-img has-icon-bg\" style=\"width: 60px\">\n\t\t\t\t<div class=\"icon\">\n\t\t\t\t\t<div class=\"icon-inner\" style=\"border-width:3px;color:rgb(42, 51, 226);\">\n\t\t\t\t\t\t\t\t\t\t\t<\/div>\n\t\t\t\t<\/div>\n\t\t\t<\/div>\n\t\t\t\t<div class=\"icon-box-text last-reset\">\n\t\t\t\t\t\t\t\t\t\n\n\t<div id=\"gap-622355260\" class=\"gap-element clearfix hidden\" style=\"display:block; height:auto;\">\n\t\t\n<style>\n#gap-622355260 {\n  padding-top: 30px;\n}\n<\/style>\n\t<\/div>\n\t\n\n\n\t\t<\/div>\n\t<\/div>\n\t\n\t\n\n\t\t<\/div>\n\t\t\t\t\t<\/div>\n\n\t\n\n\t<div id=\"col-1572362201\" class=\"col medium-5 small-12 large-5\"  data-animate=\"bounceInUp\">\n\t\t\t\t<div class=\"col-inner box-shadow-2\"  >\n\t\t\t\n\t\t\t\n\n<div class=\"row row-collapse\"  id=\"row-1589586541\">\n\n\n\t<div id=\"col-1530823618\" class=\"col small-12 large-12\"  >\n\t\t\t\t<div class=\"col-inner dark\" style=\"background-color:rgb(42, 51, 226);\" >\n\t\t\t\n\t\t\t\n\n<h3 style=\"text-align: center;\">th\u00e1ng 4 n\u0103m 2022<\/h3>\n\n\t\t<\/div>\n\t\t\t\t\t<\/div>\n\n\t\n\n\t<div id=\"col-91352804\" class=\"col small-12 large-12\"  >\n\t\t\t\t<div class=\"col-inner\" style=\"background-color:rgb(255,255,255);\" >\n\t\t\t\n\t\t\t\n\n<h3 style=\"text-align: center;\"><span style=\"font-size: 95%;\">tuy\u1ec3n sinh \u0111\u1ee3t 2<\/span><\/h3>\n\n\t\t<\/div>\n\t\t\t\t\t<\/div>\n\n\t\n\n\n<style>\n#row-1589586541 > .col > .col-inner {\n  padding: 10px 20px 2px 20px;\n}\n<\/style>\n<\/div>\n\n\t\t<\/div>\n\t\t\t\t\n<style>\n#col-1572362201 > .col-inner {\n  margin: 0px 0px 25px 0px;\n}\n<\/style>\n\t<\/div>\n\n\t\n\n<\/div>\n<div class=\"row row-collapse align-equal\"  id=\"row-850410866\">\n\n\n\t<div id=\"col-213538236\" class=\"col medium-5 small-12 large-5\"  data-animate=\"bounceInUp\">\n\t\t\t\t<div class=\"col-inner box-shadow-2\"  >\n\t\t\t\n\t\t\t\n\n<div class=\"row row-collapse\"  id=\"row-1887173634\">\n\n\n\t<div id=\"col-1615636135\" class=\"col small-12 large-12\"  >\n\t\t\t\t<div class=\"col-inner dark\" style=\"background-color:rgb(249, 113, 104);\" >\n\t\t\t\n\t\t\t\n\n<h3 style=\"text-align: center;\">Ng\u00e0y 7 th\u00e1ng 10 n\u0103m 2022<\/h3>\n\n\t\t<\/div>\n\t\t\t\t\t<\/div>\n\n\t\n\n\t<div id=\"col-675318243\" class=\"col small-12 large-12\"  >\n\t\t\t\t<div class=\"col-inner\" style=\"background-color:rgb(255,255,255);\" >\n\t\t\t\n\t\t\t\n\n<h3 style=\"text-align: center;\">&#8220;Tr\u01b0\u1eddng ph\u00f9 h\u1ee3p&#8221;<\/h3>\n<h3 style=\"text-align: center;\">\u0111\u00e3 \u0111\u01b0\u1ee3c ch\u1ecdn l\u00e0<\/h3>\n\n\t\t<\/div>\n\t\t\t\t\t<\/div>\n\n\t\n\n\n<style>\n#row-1887173634 > .col > .col-inner {\n  padding: 10px 20px 2px 20px;\n}\n<\/style>\n<\/div>\n\n\t\t<\/div>\n\t\t\t\t\n<style>\n#col-213538236 > .col-inner {\n  margin: 0px 0px 25px 0px;\n}\n<\/style>\n\t<\/div>\n\n\t\n\n\t<div id=\"col-1749607445\" class=\"col medium-2 small-12 large-2 small-col-first\"  >\n\t\t\t\t<div class=\"col-inner\"  >\n\t\t\t\n\t<div class=\"is-border is-dashed\"\n\t\tstyle=\"border-color:rgb(228, 228, 228);border-width:0px 2px 0px 0px;margin:60px 50% 0px 0px;\">\n\t<\/div>\n\t\t\t\n\n\n\t\t<div class=\"icon-box featured-box icon-box-center text-center\"  >\n\t\t\t\t\t<div class=\"icon-box-img has-icon-bg\" style=\"width: 60px\">\n\t\t\t\t<div class=\"icon\">\n\t\t\t\t\t<div class=\"icon-inner\" style=\"border-width:3px;color:rgb(249, 113, 104);\">\n\t\t\t\t\t\t\t\t\t\t\t<\/div>\n\t\t\t\t<\/div>\n\t\t\t<\/div>\n\t\t\t\t<div class=\"icon-box-text last-reset\">\n\t\t\t\t\t\t\t\t\t\n\n\t<div id=\"gap-1720985198\" class=\"gap-element clearfix hidden\" style=\"display:block; height:auto;\">\n\t\t\n<style>\n#gap-1720985198 {\n  padding-top: 30px;\n}\n<\/style>\n\t<\/div>\n\t\n\n\n\t\t<\/div>\n\t<\/div>\n\t\n\t\n\n\t\t<\/div>\n\t\t\t\t\t<\/div>\n\n\t\n\n<\/div>\n\n\t\t<\/div>\n\t\t\t\t\t<\/div>\n\n\t\n\n<\/div>\n\n\t\t<\/div>\n\n\t\t\n<style>\n#section_757107215 {\n  padding-top: 30px;\n  padding-bottom: 30px;\n}\n#section_757107215 .ux-shape-divider--top svg {\n  height: 150px;\n  --divider-top-width: 100%;\n}\n#section_757107215 .ux-shape-divider--bottom svg {\n  height: 150px;\n  --divider-width: 100%;\n}\n<\/style>\n\t<\/section>\n\t\n\n\t\t<\/div>\n\t\t\t\t\t<\/div>\n\n\t\n\n<\/div>\n<div class=\"row\"  id=\"row-2067028562\">\n\n\n\t<div id=\"col-1162513000\" class=\"col small-12 large-12\"  >\n\t\t\t\t<div class=\"col-inner\"  >\n\t\t\t\n\t\t\t\n\n<h2>Th\u00f4ng tin c\u00f4ng ty<\/h2>\n<table style=\"margin: 0px; padding: 0px; background-color: #c3e4b4; border-collapse: collapse; border-spacing: 0px; border: 0px initial initial;\" border=\"1\" width=\"99%\" cellspacing=\"1\">\n<tbody style=\"margin: 0px; padding: 0px;\">\n<tr style=\"margin: 0px; padding: 0px;\">\n<th class=\"td_1\" style=\"margin: 0px; padding: 8px 0px 8px 10px; width: 30%; background-color: #4f9d34; color: #ffffff; text-align: left;\">T\u00ean<\/th>\n<th class=\"td_2\" style=\"margin: 0px; padding: 8px 0px 8px 30px; width: 68%; background-color: #4f9d34; color: #ffffff; text-align: left;\" width=\"68%\">H\u1ecdc vi\u1ec7n Nh\u1eadt ng\u1eef ACC<\/th>\n<\/tr>\n<tr style=\"margin: 0px; padding: 0px;\">\n<td class=\"td_1\" style=\"margin: 0px; padding: 7px 0px 7px 10px; width: 30%;\"><span style=\"color: #000000;\">Ng\u01b0\u1eddi \u0111\u1ea1i di\u1ec7n<\/span><\/td>\n<td class=\"td_2\" style=\"margin: 0px; padding: 7px 0px 7px 30px; width: 68%;\"><span style=\"color: #000000;\">Ch\u1ee7 t\u1ecbch Fukuzawa Reika<\/span><\/td>\n<\/tr>\n<tr class=\"trbg\" style=\"margin: 0px; padding: 0px; background-color: #ffffff;\">\n<td class=\"td_1\" style=\"margin: 0px; padding: 7px 0px 7px 10px; width: 30%;\">\u0110\u1ea1i di\u1ec7n ph\u00e1p l\u00fd<\/td>\n<td class=\"td_2\" style=\"margin: 0px; padding: 7px 0px 7px 30px; width: 68%;\">\n<p><span style=\"color: #000000;\">C\u00f4ng ty K\u30fbS\u3042\u3055\u3072 <\/span><\/p>\n<p><span style=\"color: #000000;\">\u0110\u1ea1i di\u1ec7n ph\u00e1p l\u00fd B\u00e0 Fukuzawa Reika<\/span><\/p>\n<\/td>\n<\/tr>\n<tr style=\"margin: 0px; padding: 0px;\">\n<td class=\"td_1\" style=\"margin: 0px; padding: 7px 0px 7px 10px; width: 30%;\">\u0110\u1ecba ch\u1ec9<\/td>\n<td class=\"td_2\" style=\"margin: 0px; padding: 7px 0px 7px 30px; width: 68%;\"><span style=\"color: #000000;\">\u5927\u962a\u5e02\u65ed\u533a\u8d64\u5ddd3-4-11<\/span><\/td>\n<\/tr>\n<tr class=\"trbg\" style=\"margin: 0px; padding: 0px; background-color: #ffffff;\">\n<td class=\"td_1\" style=\"margin: 0px; padding: 7px 0px 7px 10px; width: 30%;\">B\u1ea3n \u0111\u1ed3<\/td>\n<td class=\"td_2\" style=\"margin: 0px; padding: 7px 0px 7px 30px; width: 68%;\">7 ph\u00fat \u0111i b\u1ed9 t\u1eeb ga JR Shirokita Koendori tr\u00ean tuy\u1ebfn JR Osaka Tousen<\/td>\n<\/tr>\n<tr style=\"margin: 0px; padding: 0px;\">\n<td class=\"td_1\" style=\"margin: 0px; padding: 7px 0px 7px 10px; width: 30%;\">Giai \u0111o\u1ea1n th\u00e0nh l\u1eadp<\/td>\n<td class=\"td_2\" style=\"margin: 0px; padding: 7px 0px 7px 30px; width: 68%;\">Ng\u00e0y 18 th\u00e1ng 10 n\u0103m 2018<\/td>\n<\/tr>\n<tr class=\"trbg\" style=\"margin: 0px; padding: 0px; background-color: #ffffff;\">\n<td class=\"td_1\" style=\"margin: 0px; padding: 7px 0px 7px 10px; width: 30%;\"><span style=\"color: #000000;\">\u0110\u01b0\u1ee3c c\u1ea5p ph\u00e9p b\u1edfi<\/span><\/td>\n<td class=\"td_2\" style=\"margin: 0px; padding: 7px 0px 7px 30px; width: 68%;\">C\u1ee5c qu\u1ea3n l\u00fd xu\u1ea5t nh\u1eadp c\u1ea3nh Nh\u1eadt B\u1ea3n<\/td>\n<\/tr>\n<tr style=\"margin: 0px; padding: 0px;\">\n<td class=\"td_1\" style=\"margin: 0px; padding: 7px 0px 7px 10px; width: 30%;\">Nh\u00e2n vi\u00ean c\u00f4ng ty<\/td>\n<td class=\"td_2\" style=\"margin: 0px; padding: 7px 0px 7px 30px; width: 68%;\">15 ng\u01b0\u1eddi<\/td>\n<\/tr>\n<tr class=\"trbg\" style=\"margin: 0px; padding: 0px; background-color: #ffffff;\">\n<td class=\"td_1\" style=\"margin: 0px; padding: 7px 0px 7px 10px; width: 30%;\">S\u1ed1 l\u01b0\u1ee3ng h\u1ecdc sinh<\/td>\n<td class=\"td_2\" style=\"margin: 0px; padding: 7px 0px 7px 30px; width: 68%;\">100 ng\u01b0\u1eddi<\/td>\n<\/tr>\n<tr style=\"margin: 0px; padding: 0px;\">\n<td class=\"td_1\" style=\"margin: 0px; padding: 7px 0px 7px 10px; width: 30%;\">Th\u1eddi gian nh\u1eadp h\u1ecdc<\/td>\n<td class=\"td_2\" style=\"margin: 0px; padding: 7px 0px 7px 30px; width: 68%;\">Th\u00e1ng 4 (2 n\u0103m ) v\u00e0 th\u00e1ng 10 (1.5 n\u0103m)<\/td>\n<\/tr>\n<\/tbody>\n<\/table>\n<p> <\/p>\n<p><span style=\"text-decoration: underline;\"><span style=\"color: #0000ff;\"><a style=\"color: #0000ff; text-decoration: underline;\" href=\"https:\/\/acc-edu.jp\/vi\/tong-quan-truong-hoc\/\">\u226bQuay l\u1ea1i trang t\u1ed5ng quan v\u1ec1 tr\u01b0\u1eddng<\/a><\/span><\/span><\/p>\n<h2>B\u00e1o c\u00e1o \u0111\u1ecbnh k\u1ef3 c\u1ee7a tr\u01b0\u1eddng<\/h2>\n<p><a href=\"https:\/\/acc-edu.jp\/wp-content\/uploads\/2023\/03\/ACC%E6%97%A5%E6%9C%AC%E8%AA%9E%E5%AD%A6%E9%99%A2%E8%87%AA%E5%B7%B1%E7%82%B9%E6%A4%9C%E9%A0%85%E7%9B%AE2023%E5%B9%B43%E6%9C%881%E6%97%A5.pdf\" target=\"_blank\" rel=\"noopener\">Tr\u01b0\u1eddng Nh\u1eadt ng\u1eef ACC T\u1ef1 ki\u1ec3m tra m\u1ee5c (2023)<\/a><\/p>\n<p><a href=\"https:\/\/acc-edu.jp\/download\/48343\/?tmstv=1687243492\" target=\"_blank\" rel=\"noopener\">M\u1eabu b\u00e1o c\u00e1o s\u1ed1 44 (D\u00e0nh cho \u0111\u1ed1i t\u01b0\u1ee3ng \u0111\u00e3 \u0111\u01b0\u1ee3c x\u00e1c nh\u1eadn ho\u00e0n th\u00e0nh kh\u00f3a h\u1ecdc n\u0103m 2022)<\/a><\/p>\n\n\t\t<\/div>\n\t\t\t\t\t<\/div>\n\n\t\n\n<\/div>\n\n","protected":false},"excerpt":{"rendered":"","protected":false},"author":1,"featured_media":15367,"parent":0,"menu_order":0,"comment_status":"closed","ping_status":"closed","template":"page-left-sidebar.php","meta":{"footnotes":""},"class_list":["post-45471","page","type-page","status-publish","has-post-thumbnail","hentry"],"_links":{"self":[{"href":"https:\/\/acc-edu.jp\/vi\/wp-json\/wp\/v2\/pages\/45471","targetHints":{"allow":["GET"]}}],"collection":[{"href":"https:\/\/acc-edu.jp\/vi\/wp-json\/wp\/v2\/pages"}],"about":[{"href":"https:\/\/acc-edu.jp\/vi\/wp-json\/wp\/v2\/types\/page"}],"author":[{"embeddable":true,"href":"https:\/\/acc-edu.jp\/vi\/wp-json\/wp\/v2\/users\/1"}],"replies":[{"embeddable":true,"href":"https:\/\/acc-edu.jp\/vi\/wp-json\/wp\/v2\/comments?post=45471"}],"version-history":[{"count":7,"href":"https:\/\/acc-edu.jp\/vi\/wp-json\/wp\/v2\/pages\/45471\/revisions"}],"predecessor-version":[{"id":48364,"href":"https:\/\/acc-edu.jp\/vi\/wp-json\/wp\/v2\/pages\/45471\/revisions\/48364"}],"wp:featuredmedia":[{"embeddable":true,"href":"https:\/\/acc-edu.jp\/vi\/wp-json\/wp\/v2\/media\/15367"}],"wp:attachment":[{"href":"https:\/\/acc-edu.jp\/vi\/wp-json\/wp\/v2\/media?parent=45471"}],"curies":[{"name":"wp","href":"https:\/\/api.w.org\/{rel}","templated":true}]}}