{"id":45387,"date":"2020-11-24T23:03:40","date_gmt":"2020-11-24T23:03:40","guid":{"rendered":"https:\/\/acc-edu.jp\/cuoc-song-du-hoc-2\/"},"modified":"2023-03-31T13:14:22","modified_gmt":"2023-03-31T13:14:22","slug":"cuoc-song-du-hoc-2","status":"publish","type":"page","link":"https:\/\/acc-edu.jp\/vi\/%e7%95%99%e5%ad%a6%e7%94%9f%e6%b4%bb-2\/cuoc-song-du-hoc-2\/","title":{"rendered":"Cu\u1ed9c s\u1ed1ng du h\u1ecdc"},"content":{"rendered":"\n<h1>Cu\u1ed9c s\u1ed1ng du h\u1ecdc<\/h1>\n<h2><img loading=\"lazy\" decoding=\"async\" class=\"alignnone size-medium wp-image-1976\" src=\"https:\/\/acc-edu.jp\/wp-content\/uploads\/2020\/11\/127699892_173324807836214_6879900145237051566_n-711x400.jpg\" alt=\"\" width=\"711\" height=\"400\"><\/h2>\n<h2 class=\"h2Bg\">\u0110i\u1ec3m h\u1ea5p d\u1eabn c\u1ee7a du h\u1ecdc l\u00e0 b\u1ea1n c\u00f3 th\u1ec3 giao l\u01b0u v\u1edbi ng\u01b0\u1eddi d\u00e2n \u0111\u1ecba ph\u01b0\u01a1ng v\u00e0 tr\u1ea3i nghi\u1ec7m v\u0103n h\u00f3a b\u1ea3n \u0111\u1ecba.<\/h2>\n<div class=\"mainInner\">\n<p class=\"mb30\">V\u00ec l\u00e0 H\u1ecdc vi\u1ec7n Nh\u1eadt ng\u1eef ACC n\u00ean sinh vi\u00ean qu\u1ed1c t\u1ebf \u0111\u01b0\u1ee3c h\u1ecdc trong c\u00f9ng m\u1ed9t tr\u01b0\u1eddng v\u00e0 c\u00f3 th\u1ec3 giao l\u01b0u v\u1edbi nhau h\u00e0ng ng\u00e0y. Sau gi\u1edd h\u1ecdc, b\u1ea1n c\u00f3 th\u1ec3 tham gia c\u00e1c ho\u1ea1t \u0111\u1ed9ng c\u00e2u l\u1ea1c b\u1ed9, n\u00f3i chuy\u1ec7n trong s\u1ea3nh kh\u00e1ch, tham gia v\u00e0o c\u00e1c b\u1eefa ti\u1ec7c n\u01b0\u1edbng, v\u00e0 nhi\u1ec1u h\u01a1n th\u1ebf n\u1eefa.<\/p>\n<\/div>\n<h2>Li\u00ean quan t\u1edbi Nh\u1eadt B\u1ea3n<\/h2>\n<p><img loading=\"lazy\" decoding=\"async\" class=\"alignnone size-full wp-image-1975\" src=\"https:\/\/acc-edu.jp\/wp-content\/uploads\/2020\/11\/japan.jpg\" alt=\"\" width=\"650\" height=\"366\"><\/p>\n<p>B\u1ea1n c\u00f3 suy ngh\u0129 g\u00ec v\u1ec1 Nh\u1eadt B\u1ea3n?<\/p>\n<div class=\"mainInner mb30\">\n<p>T\u00ean c\u00f4ng ty nh\u01b0 Toyota, Honda, Sony, Panasonic, Uniqlo?<br>Phim ho\u1ea1t h\u00ecnh nh\u01b0 One Piece v\u00e0 Doraemon?<br>C\u00e1c m\u00f4n th\u1ec3 thao nh\u01b0 judo, karate, ki\u1ebfm \u0111\u1ea1o, sumo?<br>\u0110\u1ed3 \u0103n nh\u01b0 sushi, tempura, sukiyaki v\u00e0 okonomiyaki?<br>Hay nh\u1ea1c Nh\u1eadt, ngh\u1ec7 s\u0129 gi\u1ea3i tr\u00ed?<br>Hay \u0111\u00f3 l\u00e0 n\u00fai Ph\u00fa S\u0129, Kinkakuji, tr\u00e0 \u0111\u1ea1o, Kabuki?<\/p>\n<p>M\u1ed7i ng\u01b0\u1eddi \u0111\u1ea1i di\u1ec7n cho Nh\u1eadt B\u1ea3n. Nh\u01b0ng \u0111\u00f3 kh\u00f4ng ph\u1ea3i l\u00e0 t\u1ea5t c\u1ea3.<br>Ph\u1ea3i c\u00f3 &#8220;Nh\u1eadt B\u1ea3n&#8221; m\u00e0 b\u1ea1n ch\u1ec9 c\u00f3 th\u1ec3 nh\u00ecn th\u1ea5y khi th\u1ef1c s\u1ef1 \u0111\u1ebfn th\u0103m Nh\u1eadt B\u1ea3n v\u00e0 s\u1ed1ng v\u1edbi t\u01b0 c\u00e1ch l\u00e0 m\u1ed9t du h\u1ecdc sinh.<br>V\u00e0 khi b\u1ea1n so s\u00e1nh n\u00f3 v\u1edbi &#8220;Nh\u1eadt B\u1ea3n&#8221;, m\u1ed9t n\u1ec1n v\u0103n h\u00f3a kh\u00e1c \u0111\u1ed1i v\u1edbi b\u1ea1n, b\u1ea1n s\u1ebd nh\u1eadn th\u1ea5y m\u1ed9t kh\u00eda c\u1ea1nh m\u1edbi trong v\u0103n h\u00f3a c\u1ee7a ri\u00eang b\u1ea1n.<br>Vui l\u00f2ng cho ch\u00fang t\u00f4i bi\u1ebft nh\u1eefng g\u00ec b\u1ea1n nh\u1eadn th\u1ea5y v\u1ec1 &#8220;Nh\u1eadt B\u1ea3n&#8221; trong l\u1edbp c\u1ee7a b\u1ea1n.<\/p>\n<\/div>\n<h2 class=\"h2Bg\">Li\u00ean quan \u0111\u1ebfn Osaka<\/h2>\n<p><img loading=\"lazy\" decoding=\"async\" class=\"alignnone size-medium wp-image-1718\" src=\"https:\/\/acc-edu.jp\/wp-content\/uploads\/2021\/02\/CBF59ACF1B9547078ACA300846EA7CF5-800x356.jpg\" alt=\"Osaka Namba\" width=\"800\" height=\"356\" srcset=\"https:\/\/acc-edu.jp\/wp-content\/uploads\/2021\/02\/CBF59ACF1B9547078ACA300846EA7CF5-800x356.jpg 800w, https:\/\/acc-edu.jp\/wp-content\/uploads\/2021\/02\/CBF59ACF1B9547078ACA300846EA7CF5-768x341.jpg 768w, https:\/\/acc-edu.jp\/wp-content\/uploads\/2021\/02\/CBF59ACF1B9547078ACA300846EA7CF5.jpg 900w\" sizes=\"auto, (max-width: 800px) 100vw, 800px\" \/><\/p>\n<p><span style=\"color: #555555; font-size: 95%;\">H\u1ecdc vi\u1ec7n Nh\u1eadt ng\u1eef ACC t\u1ecda l\u1ea1c t\u1ea1i trung t\u00e2m Osaka, th\u00e0nh ph\u1ed1 l\u1edbn th\u1ee9 hai Nh\u1eadt B\u1ea3n.<\/span><\/p>\n<p><span style=\"font-size: 95%;\">Osaka c\u00f3 m\u1ecdi th\u1ee9 t\u1eeb c\u01a1 s\u1edf mua s\u1eafm \u0111\u1ebfn c\u01a1 s\u1edf gi\u1ea3i tr\u00ed \u0111\u1ebfn c\u01a1 s\u1edf v\u0103n h\u00f3a v\u00e0 c\u01a1 s\u1edf gi\u00e1o d\u1ee5c.<\/span><\/p>\n<div class=\"mainInner mb30\">\n<p><span style=\"font-size: 95%;\">Universal Studios Japan, m\u1ed9t c\u01a1 s\u1edf gi\u1ea3i tr\u00ed d\u1ef1a tr\u00ean c\u00e1c b\u1ed9 phim n\u1ed5i ti\u1ebfng th\u1ebf gi\u1edbi c\u1ee7a M\u1ef9, c\u0169ng n\u1eb1m \u1edf Osaka.<\/span><\/p>\n<p>M\u1eb7c d\u00f9 l\u00e0 m\u1ed9t th\u00e0nh ph\u1ed1 l\u1edbn nh\u01b0ng gi\u00e1 thu\u00ea nh\u00e0 v\u00e0 \u0111\u1ed3 \u0103n r\u1ebb h\u01a1n \u1edf Tokyo, sinh vi\u00ean qu\u1ed1c t\u1ebf r\u1ea5t d\u1ec5 s\u1ed1ng. \u0110\u1eb7c bi\u1ec7t, m\u00f3n \u0103n \u201cngon b\u1ed5 r\u1ebb\u201d \u0111\u01b0\u1ee3c nhi\u1ec1u ng\u01b0\u1eddi bi\u1ebft \u0111\u1ebfn.<\/p>\n<p>C\u00e1c th\u00e0nh ph\u1ed1 l\u00e2n c\u1eadn bao g\u1ed3m Nara, n\u01a1i khai sinh ra Nh\u1eadt B\u1ea3n v\u00e0 Kyoto, th\u1ee7 \u0111\u00f4 ng\u00e0n n\u0103m c\u1ee7a Nh\u1eadt B\u1ea3n, v\u00e0 vi\u1ec7c c\u00f3 th\u1ec3 tr\u1ea3i nghi\u1ec7m v\u0103n h\u00f3a v\u00e0 l\u1ecbch s\u1eed truy\u1ec1n th\u1ed1ng Nh\u1eadt B\u1ea3n h\u00e0ng ng\u00e0y c\u0169ng r\u1ea5t h\u1ea5p d\u1eabn. N\u1ebfu b\u1ea1n \u0111\u1ebfn th\u0103m c\u00e1c ng\u00f4i ch\u00f9a c\u1ed5 \u1edf Nara v\u00e0 Kyoto, trong \u0111\u00f3 c\u00f3 ch\u00f9a Horyuji, l\u00e0 c\u00f4ng tr\u00ecnh b\u1eb1ng g\u1ed7 l\u00e2u \u0111\u1eddi nh\u1ea5t tr\u00ean th\u1ebf gi\u1edbi, \u0111\u00e3 \u0111\u01b0\u1ee3c ch\u1ecdn l\u00e0 Di s\u1ea3n v\u0103n h\u00f3a th\u1ebf gi\u1edbi, b\u1ea1n s\u1ebd hi\u1ec3u s\u00e2u h\u01a1n v\u1ec1 l\u1ecbch s\u1eed v\u00e0 v\u0103n h\u00f3a truy\u1ec1n th\u1ed1ng c\u1ee7a Nh\u1eadt B\u1ea3n.<\/p>\n<\/div>\n<h2 class=\"h2Bg\">Li\u00ean quan \u0111\u1ebfn mua s\u1eafm &#8211; gi\u1ea3i tr\u00ed<\/h2>\n<p>Ph\u1ed5 bi\u1ebfn nh\u1ea5t l\u00e0 TV.<\/p>\n<div class=\"mainInner mb30\">\n<p>C\u00f3 v\u1ebb nh\u01b0 c\u00e1c du h\u1ecdc sinh khi xem TV th\u01b0\u1eddng n\u00f3i: \u201cM\u00ecnh s\u1ebd h\u1ecdc ti\u1ebfng Nh\u1eadt\u201d. Ch\u1eafc ch\u1eafn, nghe m\u1ed9t l\u01b0\u1ee3ng l\u1edbn ti\u1ebfng Nh\u1eadt ngo\u00e0i vi\u1ec7c h\u1ecdc \u1edf tr\u01b0\u1eddng l\u00e0 m\u1ed9t kinh nghi\u1ec7m h\u1ecdc t\u1eadp. Tuy nhi\u00ean, n\u00f3 kh\u00f4ng th\u1ec3 thay th\u1ebf cho b\u00e0i t\u1eadp \u1edf tr\u01b0\u1eddng, chu\u1ea9n b\u1ecb v\u00e0 \u00f4n t\u1eadp, v\u00ec v\u1eady tr\u01b0\u1edbc ti\u00ean h\u00e3y nghi\u00ean c\u1ee9u nh\u1eefng g\u00ec b\u1ea1n n\u00ean l\u00e0m v\u00e0 xem TV trong th\u1eddi gian r\u1ea3nh r\u1ed7i.<\/p>\n<\/div>\n\n","protected":false},"excerpt":{"rendered":"","protected":false},"author":1,"featured_media":0,"parent":46709,"menu_order":0,"comment_status":"closed","ping_status":"closed","template":"page-left-sidebar.php","meta":{"footnotes":""},"class_list":["post-45387","page","type-page","status-publish","hentry"],"_links":{"self":[{"href":"https:\/\/acc-edu.jp\/vi\/wp-json\/wp\/v2\/pages\/45387","targetHints":{"allow":["GET"]}}],"collection":[{"href":"https:\/\/acc-edu.jp\/vi\/wp-json\/wp\/v2\/pages"}],"about":[{"href":"https:\/\/acc-edu.jp\/vi\/wp-json\/wp\/v2\/types\/page"}],"author":[{"embeddable":true,"href":"https:\/\/acc-edu.jp\/vi\/wp-json\/wp\/v2\/users\/1"}],"replies":[{"embeddable":true,"href":"https:\/\/acc-edu.jp\/vi\/wp-json\/wp\/v2\/comments?post=45387"}],"version-history":[{"count":1,"href":"https:\/\/acc-edu.jp\/vi\/wp-json\/wp\/v2\/pages\/45387\/revisions"}],"predecessor-version":[{"id":45407,"href":"https:\/\/acc-edu.jp\/vi\/wp-json\/wp\/v2\/pages\/45387\/revisions\/45407"}],"up":[{"embeddable":true,"href":"https:\/\/acc-edu.jp\/vi\/wp-json\/wp\/v2\/pages\/46709"}],"wp:attachment":[{"href":"https:\/\/acc-edu.jp\/vi\/wp-json\/wp\/v2\/media?parent=45387"}],"curies":[{"name":"wp","href":"https:\/\/api.w.org\/{rel}","templated":true}]}}