{"id":45012,"date":"2020-12-01T11:41:16","date_gmt":"2020-12-01T11:41:16","guid":{"rendered":"https:\/\/acc-edu.jp\/tai-giay-to\/"},"modified":"2023-06-07T00:25:52","modified_gmt":"2023-06-07T00:25:52","slug":"tai-giay-to","status":"publish","type":"page","link":"https:\/\/acc-edu.jp\/vi\/tai-giay-to\/","title":{"rendered":"T\u1ea3i gi\u1ea5y t\u1edd"},"content":{"rendered":"\n<div class=\"row\"  id=\"row-1706265938\">\n\n\n\t<div id=\"col-2027323969\" class=\"col small-12 large-12\"  >\n\t\t\t\t<div class=\"col-inner\"  >\n\t\t\t\n\t\t\t\n\n<h1>T\u1ea3i gi\u1ea5y t\u1edd<\/h1>\n<p><strong>C\u00e1c t\u00e0i li\u1ec7u kh\u00e1c nhau c\u00f3 th\u1ec3 \u0111\u01b0\u1ee3c t\u1ea3i xu\u1ed1ng t\u1ea1i \u0111\u00e2y.<\/strong><\/p>\n\n\t\t<\/div>\n\t\t\t\t\t<\/div>\n\n\t\n\n<\/div>\n<div class=\"row\"  id=\"row-707923112\">\n\n\n\t<div id=\"col-1654981722\" class=\"col small-12 large-12\"  >\n\t\t\t\t<div class=\"col-inner\"  >\n\t\t\t\n\t\t\t\n\n<h2><strong>Kh\u00f3a h\u1ecdc du h\u1ecdc Th\u00f4ng tin tr\u01b0\u1eddng &amp; h\u01b0\u1edbng d\u1eabn n\u1ed9p h\u1ed3 s\u01a1<\/strong><\/h2>\n<table style=\"margin: 0px; padding: 0px; background-color: #c3e4b4; border-collapse: collapse; border-spacing: 0px; height: 83px;\" border=\"1\" width=\"563\" cellspacing=\"1\">\n<tbody style=\"margin: 0px; padding: 0px;\">\n<tr style=\"margin: 0px; padding: 0px;\">\n<th class=\"td_2\" style=\"margin: 0px; padding: 8px 0px 8px 30px; background-color: #4f9d34; color: #ffffff; width: 30%; text-align: left;\">N\u1ed9i dung<\/th>\n<th class=\"td_2\" style=\"margin: 0px; padding: 8px 0px 8px 30px; background-color: #4f9d34; color: #ffffff; width: 50%; text-align: left;\">D\u1eef li\u1ec7u<\/th>\n<\/tr>\n<tr style=\"margin: 0px; padding: 0px;\">\n<td class=\"td_2\" style=\"margin: 0px; padding: 7px 0px 7px 30px; width: 30%;\">\n<p><strong>Ti\u1ebfng Nh\u1eadt<\/strong><\/p>\n<p><strong>Th\u00f4ng tin tr\u01b0\u1eddng h\u1ecdc v\u00e0 h\u01b0\u1edbng d\u1eabn n\u1ed9p \u0111\u01a1n<\/strong><\/p>\n<\/td>\n<td class=\"td_2\" style=\"margin: 0px; padding: 7px 0px 7px 30px; width: 70%;\">\n<a class=\"download-link\" title=\"\" href=\"https:\/\/acc-edu.jp\/vi\/\/download\/47638\/?tmstv=1777802533\" rel=\"nofollow\">\n\t\u5b66\u6821\u6848\u5185\uff08\u65e5\u672c\u8a9e\u7248\uff09<\/a><br><br><\/p>\n<a class=\"download-link\" title=\"\" href=\"https:\/\/acc-edu.jp\/vi\/\/download\/47602\/?tmstv=1777802533\" rel=\"nofollow\">\n\t\u52df\u96c6\u8981\u9805\uff08\u65e5\u672c\u8a9e\u7248\uff09<\/a>\n<\/td>\n<\/tr>\n<tr class=\"trbg\" style=\"margin: 0px; padding: 0px; background-color: #ffffff;\">\n<td class=\"td_2\" style=\"margin: 0px; padding: 7px 0px 7px 30px; width: 30%;\">\n<p><strong>Ti\u1ebfng Anh<\/strong><\/p>\n<p><strong>Th\u00f4ng tin tr\u01b0\u1eddng h\u1ecdc v\u00e0 h\u01b0\u1edbng d\u1eabn n\u1ed9p \u0111\u01a1n<\/strong><\/p>\n<\/td>\n<td class=\"td_2\" style=\"margin: 0px; padding: 7px 0px 7px 30px; width: 70%;\">\n<a class=\"download-link\" title=\"\" href=\"https:\/\/acc-edu.jp\/vi\/\/download\/47656\/?tmstv=1777802533\" rel=\"nofollow\">\n\t\u5b66\u6821\u6848\u5185\uff08\u82f1\u6587\u7248\uff09<\/a><br><br><\/p>\n<a class=\"download-link\" title=\"Version \u82f1\u8a9e\u7248\" href=\"https:\/\/acc-edu.jp\/vi\/\/download\/47620\/?tmstv=1777802533\" rel=\"nofollow\">\n\t\u52df\u96c6\u8981\u9805\uff08\u82f1\u8a9e\u7248\uff09<\/a>\n<\/td>\n<\/tr>\n<tr style=\"margin: 0px; padding: 0px;\">\n<td class=\"td_2\" style=\"margin: 0px; padding: 7px 0px 7px 30px; width: 30%; text-align: left;\">\n<p><strong>Ti\u1ebfng<\/strong> <strong>trung<\/strong><\/p>\n<p><strong>Th\u00f4ng tin tr\u01b0\u1eddng h\u1ecdc v\u00e0 h\u01b0\u1edbng d\u1eabn n\u1ed9p \u0111\u01a1n<\/strong><\/p>\n<\/td>\n<td class=\"td_2\" style=\"margin: 0px; padding: 7px 0px 7px 30px; width: 70%;\">\n<a class=\"download-link\" title=\"\" href=\"https:\/\/acc-edu.jp\/vi\/\/download\/47647\/?tmstv=1777802533\" rel=\"nofollow\">\n\t\u5b66\u6821\u6848\u5185\uff08\u4e2d\u56fd\u8a9e\u7248\uff09<\/a><br><br><\/p>\n<a class=\"download-link\" title=\"\" href=\"https:\/\/acc-edu.jp\/vi\/\/download\/47611\/?tmstv=1777802533\" rel=\"nofollow\">\n\t\u62db\u751f\u7b80\u7ae0\uff08\u4e2d\u6587\u7248\uff09<\/a>\n<\/td>\n<\/tr>\n<tr class=\"trbg\" style=\"margin: 0px; padding: 0px; background-color: #ffffff;\">\n<td class=\"td_2\" style=\"margin: 0px; padding: 7px 0px 7px 30px; width: 30%;\">\n<p><strong>Ti\u1ebfng Vi\u1ec7t<\/strong><\/p>\n<p><strong>Th\u00f4ng tin tr\u01b0\u1eddng h\u1ecdc v\u00e0 h\u01b0\u1edbng d\u1eabn n\u1ed9p \u0111\u01a1n<\/strong><\/p>\n<\/td>\n<td class=\"td_2\" style=\"margin: 0px; padding: 7px 0px 7px 30px; width: 70%;\">\n[Download not found]<br><br><\/p>\n<a class=\"download-link\" title=\"\" href=\"https:\/\/acc-edu.jp\/vi\/\/download\/47629\/?tmstv=1777802534\" rel=\"nofollow\">\n\t\u52df\u96c6\u8981\u9805\uff08\u30d9\u30c8\u30ca\u30e0\u8a9e\u7248\uff09<\/a>\n<\/td>\n<\/tr>\n<\/tbody>\n<\/table>\n\n\t\t<\/div>\n\t\t\t\t\t<\/div>\n\n\t\n\n<\/div>\n<div class=\"row\"  id=\"row-1617653531\">\n\n\n\t<div id=\"col-748753332\" class=\"col small-12 large-12\"  >\n\t\t\t\t<div class=\"col-inner\"  >\n\t\t\t\n\t\t\t\n\n<h2><strong>M\u1eabu \u0111\u01a1n \u0111\u0103ng k\u00fd kh\u00f3a h\u1ecdc du h\u1ecdc<\/strong><\/h2>\n<table style=\"margin: 0px; padding: 0px; background-color: #c3e4b4; border-collapse: collapse; border-spacing: 0px; height: 83px;\" border=\"1\" width=\"563\" cellspacing=\"1\">\n<tbody style=\"margin: 0px; padding: 0px;\">\n<tr style=\"margin: 0px; padding: 0px;\">\n<th class=\"td_2\" style=\"margin: 0px; padding: 8px 0px 8px 30px; background-color: #4f9d34; color: #ffffff; width: 30%; text-align: left;\">N\u1ed9i dung<\/th>\n<th class=\"td_2\" style=\"margin: 0px; padding: 8px 0px 8px 30px; background-color: #4f9d34; color: #ffffff; width: 50%; text-align: left;\">D\u1eef li\u1ec7u<\/th>\n<\/tr>\n<tr style=\"margin: 0px; padding: 0px;\">\n<td class=\"td_2\" style=\"margin: 0px; padding: 7px 0px 7px 30px; width: 30%;\"><strong>\u0110\u01a1n xin nh\u1eadp h\u1ecdc<\/strong><\/td>\n<td class=\"td_2\" style=\"margin: 0px; padding: 7px 0px 7px 30px; width: 70%;\">\n<a class=\"download-link\" title=\"\" href=\"https:\/\/acc-edu.jp\/vi\/\/download\/47683\/?tmstv=1777802534\" rel=\"nofollow\">\n\t\u5165\u5b66\u9858\u66f8\uff08EXCEL\uff09<\/a>\n<\/td>\n<\/tr>\n<\/tbody>\n<\/table>\n\n\n\t\t<\/div>\n\t\t\t\t\t<\/div>\n\n\t\n\n<\/div>\n<div class=\"row\"  id=\"row-13690570\">\n\n\n\t<div id=\"col-78194160\" class=\"col small-12 large-12\"  >\n\t\t\t\t<div class=\"col-inner\"  >\n\t\t\t\n\t\t\t\n\n<h2>L\u1edbp h\u1ecdc ng\u1eafn h\u1ea1n\/tr\u1ef1c tuy\u1ebfn<\/h2>\n<table style=\"margin: 0px; padding: 0px; background-color: #c3e4b4; border-collapse: collapse; border-spacing: 0px; height: 83px;\" border=\"1\" width=\"563\" cellspacing=\"1\">\n<tbody style=\"margin: 0px; padding: 0px;\">\n<tr style=\"margin: 0px; padding: 0px;\">\n<th class=\"td_2\" style=\"margin: 0px; padding: 8px 0px 8px 30px; background-color: #4f9d34; color: #ffffff; width: 30%; text-align: left;\">N\u1ed9i dung<\/th>\n<th class=\"td_2\" style=\"margin: 0px; padding: 8px 0px 8px 30px; background-color: #4f9d34; color: #ffffff; width: 50%; text-align: left;\">D\u1eef li\u1ec7u<\/th>\n<\/tr>\n<tr style=\"margin: 0px; padding: 0px;\">\n<td class=\"td_2\" style=\"margin: 0px; padding: 7px 0px 7px 30px; width: 30%;\">\n<p><strong>Th\u00f4ng tin kh\u00f3a h\u1ecdc ng\u1eafn h\u1ea1n (ti\u1ebfng Nh\u1eadt)<\/strong><\/p>\n<\/td>\n<td class=\"td_2\" style=\"margin: 0px; padding: 7px 0px 7px 30px; width: 70%;\">\n<a class=\"download-link\" title=\"Version \uff08\u65e5\u672c\u8a9e\uff09\" href=\"https:\/\/acc-edu.jp\/vi\/\/download\/47781\/?tmstv=1777802534\" rel=\"nofollow\">\n\t\u77ed\u671f\u30b3\u30fc\u30b9\u52df\u96c6\u8981\u9805\uff08\u65e5\u672c\u8a9e\uff09<\/a>\n<\/td>\n<\/tr>\n<tr class=\"trbg\" style=\"margin: 0px; padding: 0px; background-color: #ffffff;\">\n<td class=\"td_2\" style=\"margin: 0px; padding: 7px 0px 7px 30px; width: 30%;\"><strong>Th\u00f4ng tin kh\u00f3a h\u1ecdc ng\u1eafn h\u1ea1n (ti\u1ebfng Trung)<\/strong><\/td>\n<td class=\"td_2\" style=\"margin: 0px; padding: 7px 0px 7px 30px; width: 70%;\"><a class=\"download-link\" title=\"\" href=\"https:\/\/acc-edu.jp\/vi\/\/download\/47674\/?tmstv=1777802534\" rel=\"nofollow\">\n\t\u77ed\u671f\u30b3\u30fc\u30b9\u52df\u96c6\u8981\u9805\uff08\u4e2d\u56fd\u8a9e\uff09<\/a><\/td>\n<\/tr>\n<tr style=\"margin: 0px; padding: 0px;\">\n<td class=\"td_2\" style=\"margin: 0px; padding: 7px 0px 7px 30px; width: 30%; text-align: left;\"><strong>M\u1eabu \u0111\u01a1n \u0111\u0103ng k\u00fd kh\u00f3a h\u1ecdc ng\u1eafn h\u1ea1n<\/strong><\/td>\n<td class=\"td_2\" style=\"margin: 0px; padding: 7px 0px 7px 30px; width: 70%;\">\n<\/td>\n<\/tr>\n<\/tbody>\n<\/table>\n\n\t\t<\/div>\n\t\t\t\t\t<\/div>\n\n\t\n\n<\/div>\n\n","protected":false},"excerpt":{"rendered":"","protected":false},"author":1,"featured_media":0,"parent":0,"menu_order":0,"comment_status":"closed","ping_status":"closed","template":"page-left-sidebar.php","meta":{"footnotes":""},"class_list":["post-45012","page","type-page","status-publish","hentry"],"_links":{"self":[{"href":"https:\/\/acc-edu.jp\/vi\/wp-json\/wp\/v2\/pages\/45012","targetHints":{"allow":["GET"]}}],"collection":[{"href":"https:\/\/acc-edu.jp\/vi\/wp-json\/wp\/v2\/pages"}],"about":[{"href":"https:\/\/acc-edu.jp\/vi\/wp-json\/wp\/v2\/types\/page"}],"author":[{"embeddable":true,"href":"https:\/\/acc-edu.jp\/vi\/wp-json\/wp\/v2\/users\/1"}],"replies":[{"embeddable":true,"href":"https:\/\/acc-edu.jp\/vi\/wp-json\/wp\/v2\/comments?post=45012"}],"version-history":[{"count":7,"href":"https:\/\/acc-edu.jp\/vi\/wp-json\/wp\/v2\/pages\/45012\/revisions"}],"predecessor-version":[{"id":47882,"href":"https:\/\/acc-edu.jp\/vi\/wp-json\/wp\/v2\/pages\/45012\/revisions\/47882"}],"wp:attachment":[{"href":"https:\/\/acc-edu.jp\/vi\/wp-json\/wp\/v2\/media?parent=45012"}],"curies":[{"name":"wp","href":"https:\/\/api.w.org\/{rel}","templated":true}]}}