{"id":44907,"date":"2020-10-31T14:37:43","date_gmt":"2020-10-31T14:37:43","guid":{"rendered":"https:\/\/acc-edu.jp\/khoa-hoc-du-hoc-ngan-han\/"},"modified":"2023-02-18T18:28:44","modified_gmt":"2023-02-18T18:28:44","slug":"khoa-hoc-du-hoc-ngan-han","status":"publish","type":"page","link":"https:\/\/acc-edu.jp\/vi\/gioi-thieu-khoa-hoc-2\/khoa-hoc-du-hoc-ngan-han\/","title":{"rendered":"Kh\u00f3a h\u1ecdc du h\u1ecdc ng\u1eafn h\u1ea1n"},"content":{"rendered":"\n<h1>Kh\u00f3a h\u1ecdc du h\u1ecdc ng\u1eafn h\u1ea1n<\/h1>\n<h2>N\u1ed9i dung kh\u00f3a h\u1ecdc<\/h2>\n<p><span style=\"font-weight: 400;\">T\u1ea1i H\u1ecdc vi\u1ec7n Nh\u1eadt ng\u1eef ACC, du h\u1ecdc ng\u1eafn h\u1ea1n t\u1eeb 1 tu\u1ea7n \u0111\u1ebfn 3 th\u00e1ng trong c\u00e1c k\u1ef3 ngh\u1ec9 d\u00e0i ng\u00e0y v\u00e0o m\u00f9a h\u00e8 v\u00e0 m\u00f9a \u0111\u00f4ng<\/span><span style=\"font-weight: 400;\">\u30fbTham gia h\u1ecdc tr\u1ea3i nghi\u1ec7m<\/span><span style=\"font-weight: 400;\">\u3002<\/span><\/p>\n<p><span style=\"font-weight: 400;\">Du h\u1ecdc ng\u1eafn h\u1ea1n l\u00e0 g\u00ec<\/span><span style=\"font-weight: 400;\">\u30fbNh\u1eadt B\u1ea3n l\u00e0 \u0111\u1ea5t n\u01b0\u1edbc c\u00f3 d\u1ecbch v\u1ee5 t\u1ed1t nh\u1ea5t tr\u00ean th\u1ebf gi\u1edbi, \u0111\u00fang gi\u1edd nh\u1ea5t, l\u1ecbch s\u1ef1 nh\u1ea5t, m\u00f4i tr\u01b0\u1eddng an ninh an to\u00e0n nh\u1ea5t, h\u01a1n n\u1eefa c\u00f2n c\u00f3 s\u1ef1 t\u1ed3n t\u1ea1i c\u1ee7a truy\u1ec1n th\u1ed1ng l\u1ecbch s\u1eed v\u00e0 ph\u00e1t tri\u1ec3n khoa h\u1ecdc c\u00f4ng ngh\u1ec7 \u2014 Tr\u1ea3i nghi\u1ec7m c\u00e1c n\u1ec1n v\u0103n h\u00f3a kh\u00e1c nhau v\u00e0 qu\u1ed1c t\u1ebf B\u1ea1n c\u00f3 th\u1ec3 tr\u1ea3i nghi\u1ec7m k\u1ebft b\u1ea1n, m\u1edf r\u1ed9ng ch\u00e2n tr\u1eddi cu\u1ed9c s\u1ed1ng c\u1ee7a b\u1ea1n, v\u00e0 nhanh ch\u00f3ng c\u1ea3i thi\u1ec7n k\u1ef9 n\u0103ng tr\u00f2 chuy\u1ec7n ti\u1ebfng Nh\u1eadt c\u1ee7a b\u1ea1n. Ngo\u00e0i vi\u1ec7c h\u1ecdc ti\u1ebfng Nh\u1eadt, b\u1ea1n c\u0169ng c\u00f3 th\u1ec3 h\u1ecdc v\u0103n h\u00f3a Nh\u1eadt B\u1ea3n v\u00e0 ngo\u00e0i tr\u01b0\u1eddng.<\/span><\/p>\n<h2>\u0110i\u1ec1u ki\u1ec7n nh\u1eadp h\u1ecdc<\/h2>\n<p><span style=\"font-weight: 400;\">\u0110\u1ed1i t\u01b0\u1ee3ng h\u1ecdc l\u1edbp 5 tr\u1edf l\u00ean.<\/span><\/p>\n<h2>Quy tr\u00ecnh nh\u1eadp h\u1ecdc<\/h2>\n<table style=\"margin: 0px; padding: 0px; background-color: #c3e4b4; border-collapse: collapse; border-spacing: 0px; height: 379px;\" border=\"1\" width=\"620\" cellspacing=\"1\">\n<tbody style=\"margin: 0px; padding: 0px;\">\n<tr style=\"margin: 0px; padding: 0px;\">\n<th class=\"td_1\" style=\"margin: 0px; padding: 8px 0px 8px 10px; background-color: #4f9d34; color: #ffffff; width: 5%; text-align: left;\"><span style=\"font-size: 85%;\">STT<\/span><\/th>\n<th class=\"td_2\" style=\"margin: 0px; padding: 8px 0px 8px 30px; background-color: #4f9d34; color: #ffffff; text-align: left; width: 50%;\">N\u1ed9i dung<\/th>\n<\/tr>\n<tr style=\"margin: 0px; padding: 0px;\">\n<td class=\"td_1\" style=\"margin: 0px; padding: 7px 0px 7px 10px; width: 5%;\"><span style=\"color: #000000;\">1<\/span><\/td>\n<td class=\"td_2\" style=\"margin: 0px; padding: 7px 0px 7px 30px; width: 50%;\">Li\u00ean h\u1ec7<\/td>\n<\/tr>\n<tr class=\"trbg\" style=\"margin: 0px; padding: 0px; background-color: #ffffff;\">\n<td class=\"td_1\" style=\"margin: 0px; padding: 7px 0px 7px 10px; width: 5%;\"><span style=\"color: #000000;\">2<\/span><\/td>\n<td class=\"td_2\" style=\"margin: 0px; padding: 7px 0px 7px 30px; width: 50%;\"><span style=\"font-weight: 400;\">Ch\u1ecdn kh\u00f3a h\u1ecdc\u3010d\u1ef1 t\u00ednh\u3011<\/span><\/td>\n<\/tr>\n<tr style=\"margin: 0px; padding: 0px;\">\n<td class=\"td_1\" style=\"margin: 0px; padding: 7px 0px 7px 10px; width: 5%;\"><span style=\"color: #000000;\">3<\/span><\/td>\n<td class=\"td_2\" style=\"margin: 0px; padding: 7px 0px 7px 30px; width: 50%;\"><span style=\"font-weight: 400;\">H\u1ed3 s\u01a1 c\u1ea7n n\u1ed9p<\/span><\/td>\n<\/tr>\n<tr class=\"trbg\" style=\"margin: 0px; padding: 0px; background-color: #ffffff;\">\n<td class=\"td_1\" style=\"margin: 0px; padding: 7px 0px 7px 10px; width: 5%;\"><span style=\"color: #000000;\">4<\/span><\/td>\n<td class=\"td_2\" style=\"margin: 0px; padding: 7px 0px 7px 30px; width: 50%;\"><span style=\"font-weight: 400;\">L\u00e0m th\u1ee7 t\u1ee5c t\u1ea1i H\u1ecdc vi\u1ec7n Nh\u1eadt ng\u1eef ACC<\/span><\/td>\n<\/tr>\n<tr style=\"margin: 0px; padding: 0px;\">\n<td class=\"td_1\" style=\"margin: 0px; padding: 7px 0px 7px 10px; width: 5%;\"><span style=\"color: #000000;\">5<\/span><\/td>\n<td class=\"td_2\" style=\"margin: 0px; padding: 7px 0px 7px 30px; width: 50%;\"><span style=\"font-weight: 400;\">Xin th\u1ecb th\u1ef1c visa<\/span><\/td>\n<\/tr>\n<tr class=\"trbg\" style=\"margin: 0px; padding: 0px; background-color: #ffffff;\">\n<td class=\"td_1\" style=\"margin: 0px; padding: 7px 0px 7px 10px; width: 5%;\"><span style=\"color: #000000;\">6<\/span><\/td>\n<td class=\"td_2\" style=\"margin: 0px; padding: 7px 0px 7px 30px; width: 50%;\"><span style=\"font-weight: 400;\">Nh\u1eadp h\u1ecdc<\/span><\/td>\n<\/tr>\n<\/tbody>\n<\/table>\n<p> <\/p>\n<h2>H\u1ed3 s\u01a1 c\u1ea7n n\u1ed9p<\/h2>\n<p><span style=\"font-weight: 400;\">C\u00e1c gi\u1ea5y t\u1edd sau \u0111\u00e2y l\u00e0 b\u1eaft bu\u1ed9c \u0111\u1ec3 xin visa du h\u1ecdc ng\u1eafn h\u1ea1n.<\/span><\/p>\n<ol>\n<li style=\"list-style-type: none;\">\n<ol>\n<li style=\"font-weight: 400;\" aria-level=\"1\"><span style=\"font-weight: 400;\">\u0110\u01a1n nh\u1eadp h\u1ecdc<\/span><\/li>\n<li style=\"font-weight: 400;\" aria-level=\"1\"><span style=\"font-weight: 400;\">B\u1ea3n copy h\u1ed9 chi\u1ebfu<\/span><\/li>\n<li style=\"font-weight: 400;\" aria-level=\"1\"><span style=\"font-weight: 400;\">H\u00ecnh \uff082t\u1ea5m\uff09<\/span><\/li>\n<\/ol>\n<\/li>\n<\/ol>\n<h2>H\u1ecdc ph\u00ed<\/h2>\n<ul>\n<li style=\"list-style-type: none;\">\n<ul>\n<li><span style=\"font-weight: 400;\">\u0110\u1ed1i v\u1edbi du h\u1ecdc ng\u1eafn h\u1ea1n, h\u1ecdc ph\u00ed 55.000 y\u00ean (\u0111\u00e3 bao g\u1ed3m thu\u1ebf) m\u1ed7i th\u00e1ng * Kh\u00f4ng bao g\u1ed3m t\u00e0i li\u1ec7u gi\u1ea3ng d\u1ea1y.<\/span><\/li>\n<li><span style=\"font-weight: 400;\">\u0110\u1ed1i v\u1edbi c\u00e1c chuy\u1ebfn du l\u1ecbch ng\u1eafn ng\u00e0y, chi ph\u00ed thay \u0111\u1ed5i t\u00f9y thu\u1ed9c v\u00e0o k\u1ebf ho\u1ea1ch h\u1ecdc ph\u00ed.<\/span><\/li>\n<\/ul>\n<\/li>\n<\/ul>\n<p><span style=\"font-weight: 400;\">Vui l\u00f2ng li\u00ean h\u1ec7 v\u1edbi ch\u00fang t\u00f4i.<\/span><\/p>\n<h2><span style=\"font-weight: 400;\">L\u1ecbch tr\u00ecnh tham quan 7 ng\u00e0y (m\u1eabu)<\/span><\/h2>\n<table style=\"margin: 0px; padding: 0px; background-color: #c3e4b4; border-collapse: collapse; border-spacing: 0px; height: 379px;\" border=\"1\" width=\"620\" cellspacing=\"1\">\n<tbody style=\"margin: 0px; padding: 0px;\">\n<tr style=\"margin: 0px; padding: 0px;\">\n<th class=\"td_2\" style=\"margin: 0px; padding: 8px 0px 8px 30px; background-color: #4f9d34; color: #ffffff; text-align: left; width: 10%;\">Ng\u00e0y<\/th>\n<th class=\"td_2\" style=\"margin: 0px; padding: 8px 0px 8px 30px; background-color: #4f9d34; color: #ffffff; text-align: left; width: 10%;\"><strong>Th\u1eddi gian<\/strong><\/th>\n<th class=\"td_2\" style=\"margin: 0px; padding: 8px 0px 8px 30px; background-color: #4f9d34; color: #ffffff; text-align: left; width: 70%;\"><strong>N\u1ed9i dung<\/strong><\/th>\n<\/tr>\n<tr style=\"margin: 0px; padding: 0px;\">\n<td class=\"td_2\" style=\"margin: 0px; padding: 7px 0px 7px 30px; width: 10%; text-align: left;\">Ng\u00e0y 1<\/td>\n<td class=\"td_2\" style=\"margin: 0px; padding: 7px 0px 7px 30px; width: 10%;\">\n<p><span style=\"font-weight: 400;\">C\u1ea3 ng\u00e0y<\/span><\/p>\n<\/td>\n<td class=\"td_2\" style=\"margin: 0px; padding: 7px 0px 7px 30px; width: 75%;\">\n<p><span style=\"font-weight: 400;\">\u0110\u00f3n t\u1ea1i s\u00e2n bay qu\u1ed1c t\u1ebf Osaka Kansai, gi\u1ea3i th\u00edch v\u1ec1 k\u00fd t\u00fac x\u00e1, th\u00f4ng tin mua s\u1eafm h\u00e0ng ng\u00e0y, gi\u1ea3i th\u00edch c\u00e1c bi\u1ec7n ph\u00e1p ph\u00f2ng ng\u1eeba, v.v.<\/span><\/p>\n<p><span style=\"font-weight: 400;\">C\u00e1c ho\u1ea1t \u0111\u1ed9ng mi\u1ec5n ph\u00ed (\u0111i d\u1ea1o trong C\u00f4ng vi\u00ean Shirokita, mua s\u1eafm \u1edf Umeda, v.v.)<\/span><\/p>\n<\/td>\n<\/tr>\n<tr class=\"trbg\" style=\"margin: 0px; padding: 0px; background-color: #ffffff;\">\n<td class=\"td_2\" style=\"margin: 0px; padding: 7px 0px 7px 30px; width: 10%; text-align: left;\">Ng\u00e0y 2<\/td>\n<td class=\"td_2\" style=\"margin: 0px; padding: 7px 0px 7px 30px; width: 10%;\">\n<p>S\u00e1ng<\/p>\n<p>Chi\u1ec1u<\/p>\n<\/td>\n<td class=\"td_2\" style=\"margin: 0px; padding: 7px 0px 7px 30px; width: 75%;\">\n<p><span style=\"font-weight: 400;\">Ti\u1ec7c ch\u00e0o \u0111\u00f3n\u3001H\u1ecdc ti\u1ebfng Nh\u1eadt t\u1ea1i H\u1ecdc vi\u1ec7n Nh\u1eadt ng\u1eef ACC<\/span><\/p>\n<p><span style=\"font-weight: 400;\">Tr\u1ea3i nghi\u1ec7m m\u1eb7c kimono v\u00e0 c\u1eafm hoa<\/span><\/p>\n<\/td>\n<\/tr>\n<tr style=\"margin: 0px; padding: 0px;\">\n<td class=\"td_2\" style=\"margin: 0px; padding: 7px 0px 7px 30px; width: 10%; text-align: left;\">Ng\u00e0y 3<\/td>\n<td class=\"td_2\" style=\"margin: 0px; padding: 7px 0px 7px 30px; width: 10%;\">\n<p>S\u00e1ng<\/p>\n<p>Chi\u1ec1u<\/p>\n<\/td>\n<td class=\"td_2\" style=\"margin: 0px; padding: 7px 0px 7px 30px; width: 75%;\">\n<p><span style=\"font-weight: 400;\">H\u1ecdc ti\u1ebfng nh\u1eadt t\u1ea1i tr\u01b0\u1eddng ACC<\/span><\/p>\n<p><span style=\"font-weight: 400;\">Tham quan th\u00e0nh ph\u1ed1 Osaka, C\u00f4ng vi\u00ean L\u00e2u \u0111\u00e0i Osaka, Tour truy\u1ec1n h\u00ecnh NHK, Tour B\u1ea3o t\u00e0ng L\u1ecbch s\u1eed Osaka<\/span><\/p>\n<\/td>\n<\/tr>\n<tr class=\"trbg\" style=\"margin: 0px; padding: 0px; background-color: #ffffff;\">\n<td class=\"td_2\" style=\"margin: 0px; padding: 7px 0px 7px 30px; width: 10%; text-align: left;\">Ng\u00e0y 4<\/td>\n<td class=\"td_2\" style=\"margin: 0px; padding: 7px 0px 7px 30px; width: 10%;\">\n<p>S\u00e1ng<\/p>\n<p>Chi\u1ec1u<\/p>\n<\/td>\n<td class=\"td_2\" style=\"margin: 0px; padding: 7px 0px 7px 30px; width: 75%;\">\n<p><span style=\"font-weight: 400;\">H\u1ecdc ti\u1ebfng nh\u1eadt t\u1ea1i tr\u01b0\u1eddng ACC<\/span><\/p>\n<p><span style=\"font-weight: 400;\">Tham quan Nh\u00e0 m\u00e1y bia Asahi n\u1ed5i ti\u1ebfng c\u1ee7a Nh\u1eadt B\u1ea3n<\/span><\/p>\n<\/td>\n<\/tr>\n<tr style=\"margin: 0px; padding: 0px;\">\n<td class=\"td_2\" style=\"margin: 0px; padding: 7px 0px 7px 30px; width: 10%; text-align: left;\">Ng\u00e0y 5<\/td>\n<td class=\"td_2\" style=\"margin: 0px; padding: 7px 0px 7px 30px; width: 10%;\">\n<p><span style=\"font-weight: 400;\">C\u1ea3 ng\u00e0y<\/span><\/p>\n<\/td>\n<td class=\"td_2\" style=\"margin: 0px; padding: 7px 0px 7px 30px; width: 75%;\">\n<p><span style=\"font-weight: 400;\">Tour du l\u1ecbch Kyoto 1 ng\u00e0y<\/span><\/p>\n<\/td>\n<\/tr>\n<tr class=\"trbg\" style=\"margin: 0px; padding: 0px; background-color: #ffffff;\">\n<td class=\"td_2\" style=\"margin: 0px; padding: 7px 0px 7px 30px; width: 10%; text-align: left;\">Ng\u00e0y 6<\/td>\n<td class=\"td_2\" style=\"margin: 0px; padding: 7px 0px 7px 30px; width: 10%;\">\n<p>S\u00e1ng<\/p>\n<p>Chi\u1ec1u<\/p>\n<\/td>\n<td class=\"td_2\" style=\"margin: 0px; padding: 7px 0px 7px 30px; width: 75%;\">\n<p><span style=\"font-weight: 400;\">H\u1ecdc ti\u1ebfng nh\u1eadt t\u1ea1i tr\u01b0\u1eddng ACC<\/span><\/p>\n<p><span style=\"font-weight: 400;\">Trung t\u00e2m Ph\u00f2ng ch\u1ed1ng Thi\u00ean tai Osaka, Tr\u1ea3i nghi\u1ec7m \u0110\u1ed9ng \u0111\u1ea5t, v.v. ho\u1eb7c Khu mua s\u1eafm Umeda, Shinsaibashi, Namba, Tennoji \u1edf Th\u00e0nh ph\u1ed1 Osaka<\/span><\/p>\n<\/td>\n<\/tr>\n<tr style=\"margin: 0px; padding: 0px;\">\n<td class=\"td_2\" style=\"margin: 0px; padding: 7px 0px 7px 30px; width: 10%; text-align: left;\">Ng\u00e0y 7<\/td>\n<td class=\"td_2\" style=\"margin: 0px; padding: 7px 0px 7px 30px; width: 10%;\">\n<p>S\u00e1ng<\/p>\n<p>Chi\u1ec1u<\/p>\n<\/td>\n<td class=\"td_2\" style=\"margin: 0px; padding: 7px 0px 7px 30px; width: 75%;\">\n<p><span style=\"font-weight: 400;\">Ti\u1ec7c chia tay,nh\u1eadn ch\u1ee9ng ch\u1ec9 ho\u00e0n th\u00e0nh, thuy\u1ebft tr\u00ecnh v\u1ec1 \u1ea5n t\u01b0\u1ee3ng<\/span><\/p>\n<p><span style=\"font-weight: 400;\">Ti\u1ec5n ra s\u00e2n bay Osaka Kansai<\/span><\/p>\n<\/td>\n<\/tr>\n<\/tbody>\n<\/table>\n\n","protected":false},"excerpt":{"rendered":"","protected":false},"author":1,"featured_media":0,"parent":44819,"menu_order":0,"comment_status":"closed","ping_status":"closed","template":"page-left-sidebar.php","meta":{"footnotes":""},"class_list":["post-44907","page","type-page","status-publish","hentry"],"_links":{"self":[{"href":"https:\/\/acc-edu.jp\/vi\/wp-json\/wp\/v2\/pages\/44907","targetHints":{"allow":["GET"]}}],"collection":[{"href":"https:\/\/acc-edu.jp\/vi\/wp-json\/wp\/v2\/pages"}],"about":[{"href":"https:\/\/acc-edu.jp\/vi\/wp-json\/wp\/v2\/types\/page"}],"author":[{"embeddable":true,"href":"https:\/\/acc-edu.jp\/vi\/wp-json\/wp\/v2\/users\/1"}],"replies":[{"embeddable":true,"href":"https:\/\/acc-edu.jp\/vi\/wp-json\/wp\/v2\/comments?post=44907"}],"version-history":[{"count":1,"href":"https:\/\/acc-edu.jp\/vi\/wp-json\/wp\/v2\/pages\/44907\/revisions"}],"predecessor-version":[{"id":44927,"href":"https:\/\/acc-edu.jp\/vi\/wp-json\/wp\/v2\/pages\/44907\/revisions\/44927"}],"up":[{"embeddable":true,"href":"https:\/\/acc-edu.jp\/vi\/wp-json\/wp\/v2\/pages\/44819"}],"wp:attachment":[{"href":"https:\/\/acc-edu.jp\/vi\/wp-json\/wp\/v2\/media?parent=44907"}],"curies":[{"name":"wp","href":"https:\/\/api.w.org\/{rel}","templated":true}]}}