{"id":44819,"date":"2020-11-24T23:02:41","date_gmt":"2020-11-24T23:02:41","guid":{"rendered":"https:\/\/acc-edu.jp\/gioi-thieu-khoa-hoc-2\/"},"modified":"2023-02-18T16:38:22","modified_gmt":"2023-02-18T16:38:22","slug":"gioi-thieu-khoa-hoc-2","status":"publish","type":"page","link":"https:\/\/acc-edu.jp\/vi\/gioi-thieu-khoa-hoc-2\/","title":{"rendered":"Gi\u1edbi thi\u1ec7u kh\u00f3a h\u1ecdc"},"content":{"rendered":"\n<h1>Gi\u1edbi thi\u1ec7u kh\u00f3a h\u1ecdc<\/h1>\n<h2>Kh\u00f3a h\u1ecdc du h\u1ecdc<\/h2>\n<p>Kh\u00f3a h\u1ecdc n\u00e0y kh\u00f4ng ph\u1ea3i l\u00e0 kh\u00f3a h\u1ecdc gi\u00e1o d\u1ee5c ti\u1ebfng Nh\u1eadt truy\u1ec1n th\u1ed1ng v\u1ec1 ghi nh\u1edb ch\u1eef c\u00e1i, t\u1eeb v\u1ef1ng v\u00e0 m\u1eabu c\u00e2u m\u00e0 n\u00f3 c\u00f2n ch\u00fa tr\u1ecdng v\u1ec1 h\u1ed9i tho\u1ea1i trong c\u00e1c t\u00ecnh hu\u1ed1ng th\u1ef1c t\u1ebf kh\u00e1c nhau v\u00e0 thi\u1ebft l\u1eadp ng\u1eef ph\u00e1p, t\u1eeb v\u1ef1ng v\u00e0 t\u1eeb v\u1ef1ng. B\u1ea1n s\u1ebd h\u1ecdc \u0111\u01b0\u1ee3c Ti\u1ebfng Nh\u1eadt th\u1ef1c t\u1ebf C\u00f3 l\u1edbp d\u00e0nh cho ng\u01b0\u1eddi m\u1edbi b\u1eaft \u0111\u1ea7u \u0111\u1ebfn l\u1edbp trung c\u1ea5p, ch\u01b0\u01a1ng tr\u00ecnh h\u1ecdc chung \u0111\u01b0\u1ee3c s\u1eed d\u1ee5ng \u0111\u1ec3 ph\u00e1t tri\u1ec3n c\u00e1c k\u1ef9 n\u0103ng ti\u1ebfng Nh\u1eadt c\u01a1 b\u1ea3n, v\u00e0 c\u00e1c l\u1edbp n\u00e2ng cao \u0111\u01b0\u1ee3c s\u1eed d\u1ee5ng nh\u01b0 c\u00e1c kh\u00f3a h\u1ecdc t\u1ef1 ch\u1ecdn theo c\u00e1c m\u1ee5c ti\u00eau trong t\u01b0\u01a1ng lai.<\/p>\n<p><span style=\"color: #0000ff;\"><a style=\"color: #0000ff;\" title=\"Kh\u00f3a h\u1ecdc h\u1ecdc l\u00ean cao\" href=\"https:\/\/acc-edu.jp\/%e7%95%99%e5%ad%a6%e3%82%b3%e3%83%bc%e3%82%b9\/\" target=\"_blank\" rel=\"noopener noreferrer\">\u226b Nh\u1ea5n v\u00e0o \u0111\u00e2y \u0111\u1ec3 bi\u1ebft th\u00eam chi ti\u1ebft<\/a><\/span><\/p>\n<h2>Kh\u00f3a h\u1ecdc du h\u1ecdc ng\u1eafn h\u1ea1n<\/h2>\n<p>Nh\u1eadt B\u1ea3n l\u00e0 \u0111\u1ea5t n\u01b0\u1edbc c\u00f3 d\u1ecbch v\u1ee5 t\u1ed1t nh\u1ea5t tr\u00ean th\u1ebf gi\u1edbi, \u0111\u00fang gi\u1edd nh\u1ea5t, l\u1ecbch s\u1ef1 nh\u1ea5t, m\u00f4i tr\u01b0\u1eddng an ninh an to\u00e0n nh\u1ea5t, h\u01a1n n\u1eefa c\u00f2n c\u00f3 s\u1ef1 t\u1ed3n t\u1ea1i c\u1ee7a truy\u1ec1n th\u1ed1ng l\u1ecbch s\u1eed v\u00e0 ph\u00e1t tri\u1ec3n khoa h\u1ecdc c\u00f4ng ngh\u1ec7 &#8212; Tr\u1ea3i nghi\u1ec7m c\u00e1c n\u1ec1n v\u0103n h\u00f3a kh\u00e1c nhau v\u00e0 qu\u1ed1c t\u1ebf B\u1ea1n c\u00f3 th\u1ec3 tr\u1ea3i nghi\u1ec7m k\u1ebft b\u1ea1n, m\u1edf r\u1ed9ng ch\u00e2n tr\u1eddi cu\u1ed9c s\u1ed1ng c\u1ee7a b\u1ea1n, v\u00e0 nhanh ch\u00f3ng c\u1ea3i thi\u1ec7n k\u1ef9 n\u0103ng tr\u00f2 chuy\u1ec7n ti\u1ebfng Nh\u1eadt c\u1ee7a b\u1ea1n. Ngo\u00e0i vi\u1ec7c h\u1ecdc ti\u1ebfng Nh\u1eadt, b\u1ea1n c\u0169ng c\u00f3 th\u1ec3 h\u1ecdc v\u0103n h\u00f3a Nh\u1eadt B\u1ea3n v\u00e0 ngo\u00e0i tr\u01b0\u1eddng.<\/p>\n<p><span style=\"color: #0000ff;\"><a style=\"color: #0000ff;\" title=\"Kh\u00f3a h\u1ecdc du h\u1ecdc ng\u1eafn h\u1ea1n theo nh\u00f3m\" href=\"https:\/\/acc-edu.jp\/%e7%9f%ad%e6%9c%9f%e7%95%99%e5%ad%a6%e3%82%b3%e3%83%bc%e3%82%b9\/\" target=\"_blank\" rel=\"noopener noreferrer\">\u226b Nh\u1ea5n v\u00e0o \u0111\u00e2y \u0111\u1ec3 bi\u1ebft th\u00eam chi ti\u1ebft<\/a><\/span><\/p>\n<h2>Kh\u00f3a h\u1ecdc Online<\/h2>\n<p>B\u1ea1n c\u00f3 th\u1ec3 ch\u1ecdn gi\u1eefa hai c\u00e1ch \u0111\u1ec3 h\u1ecdc h\u1ed9i tho\u1ea1i th\u1ef1c t\u1ebf h\u00e0ng ng\u00e0y: nh\u00f3m nh\u1ecf v\u00e0 h\u1ecdc m\u1ed9t th\u1ea7y m\u1ed9t tr\u00f2. B\u1edfi v\u00ec c\u00e1c b\u00e0i h\u1ecdc tr\u1ef1c tuy\u1ebfn, b\u1ea1n c\u00f3 th\u1ec3 h\u1ecdc ti\u1ebfng Nh\u1eadt b\u1ea5t c\u1ee9 l\u00fac n\u00e0o, b\u1ea5t c\u1ee9 n\u01a1i n\u00e0o. Ch\u00fang t\u00f4i c\u0169ng cung c\u1ea5p c\u00e1c b\u00e0i h\u1ecdc 1-1 cho nh\u1eefng ai mu\u1ed1n h\u1ecdc 1-1.<\/p>\n<p><span style=\"color: #0000ff;\"><a style=\"color: #0000ff;\" title=\"Kh\u00f3a h\u1ecdc du h\u1ecdc ng\u1eafn h\u1ea1n theo nh\u00f3m\" href=\"https:\/\/acc-edu.jp\/vi\/khoa-hoc-online\/\" target=\"_blank\" rel=\"noopener noreferrer\">\u226b Nh\u1ea5n v\u00e0o \u0111\u00e2y \u0111\u1ec3 bi\u1ebft th\u00eam chi ti\u1ebft<\/a><\/span><\/p>\n<h2>Kh\u00f3a h\u1ecdc d\u00e0nh cho ng\u01b0\u1eddi \u0111i l\u00e0m<\/h2>\n<p>Ch\u00fang t\u00f4i nh\u1eadn \u0111\u00e0o t\u1ea1o ti\u1ebfng Nh\u1eadt cho ng\u01b0\u1eddi n\u01b0\u1edbc ngo\u00e0i \u0111\u1ebfn c\u00e1c c\u00f4ng ty Nh\u1eadt B\u1ea3n \u0111\u00e0o t\u1ea1o t\u1eeb n\u01b0\u1edbc ngo\u00e0i v\u00e0 cho ng\u01b0\u1eddi n\u01b0\u1edbc ngo\u00e0i l\u00e0m vi\u1ec7c t\u1ea1i Nh\u1eadt B\u1ea3n. H\u1ecdc vi\u1ec7n Nh\u1eadt ng\u1eef ACC \u0111\u00e0o t\u1ea1o ti\u1ebfng Nh\u1eadt theo nhu c\u1ea7u c\u1ee7a t\u1eebng c\u00f4ng ty. Ch\u00fang t\u00f4i s\u1ebd \u0111\u01b0a ra k\u1ebf ho\u1ea1ch \u0111\u00e0o t\u1ea1o ti\u1ebfng Nh\u1eadt ph\u00f9 h\u1ee3p v\u00e0o th\u1eddi gian b\u1ea1n mong mu\u1ed1n. Ch\u00fang t\u00f4i c\u0169ng k\u1ebft h\u1ee3p m\u1ed9t k\u1ebf ho\u1ea1ch ng\u1eafn h\u1ea1n ban \u0111\u1ea7u theo y\u00eau c\u1ea7u \u0111\u1eb7c bi\u1ec7t. Ch\u00fang t\u00f4i cung c\u1ea5p c\u00e1c ho\u1ea1t \u0111\u1ed9ng h\u1ecdc t\u1eadp ngo\u00e0i khu\u00f4n vi\u00ean tr\u01b0\u1eddng nh\u01b0 tham quan c\u00e1c c\u00f4ng ty v\u00e0 nh\u00e0 m\u00e1y Nh\u1eadt B\u1ea3n, c\u00e1c chuy\u1ebfn tham quan trong ng\u00e0y v\u00e0 tr\u1ea3i nghi\u1ec7m v\u0103n h\u00f3a truy\u1ec1n th\u1ed1ng Nh\u1eadt B\u1ea3n.<\/p>\n<p><span style=\"color: #0000ff;\"><a style=\"color: #0000ff;\" title=\"Kh\u00f3a h\u1ecdc d\u00e0nh cho ng\u01b0\u1eddi \u0111i l\u00e0m\" href=\"https:\/\/acc-edu.jp\/%e4%bc%81%e6%a5%ad%e6%97%a5%e6%9c%ac%e8%aa%9e%e7%a0%94%e4%bf%ae%e3%82%b3%e3%83%bc%e3%82%b9\/\" target=\"_blank\" rel=\"noopener noreferrer\">\u226b Nh\u1ea5n v\u00e0o \u0111\u00e2y \u0111\u1ec3 bi\u1ebft th\u00eam chi ti\u1ebft<\/a><\/span><\/p>\n<p> <\/p>\n\n","protected":false},"excerpt":{"rendered":"","protected":false},"author":1,"featured_media":0,"parent":0,"menu_order":0,"comment_status":"closed","ping_status":"closed","template":"page-left-sidebar.php","meta":{"footnotes":""},"class_list":["post-44819","page","type-page","status-publish","hentry"],"_links":{"self":[{"href":"https:\/\/acc-edu.jp\/vi\/wp-json\/wp\/v2\/pages\/44819","targetHints":{"allow":["GET"]}}],"collection":[{"href":"https:\/\/acc-edu.jp\/vi\/wp-json\/wp\/v2\/pages"}],"about":[{"href":"https:\/\/acc-edu.jp\/vi\/wp-json\/wp\/v2\/types\/page"}],"author":[{"embeddable":true,"href":"https:\/\/acc-edu.jp\/vi\/wp-json\/wp\/v2\/users\/1"}],"replies":[{"embeddable":true,"href":"https:\/\/acc-edu.jp\/vi\/wp-json\/wp\/v2\/comments?post=44819"}],"version-history":[{"count":3,"href":"https:\/\/acc-edu.jp\/vi\/wp-json\/wp\/v2\/pages\/44819\/revisions"}],"predecessor-version":[{"id":44883,"href":"https:\/\/acc-edu.jp\/vi\/wp-json\/wp\/v2\/pages\/44819\/revisions\/44883"}],"wp:attachment":[{"href":"https:\/\/acc-edu.jp\/vi\/wp-json\/wp\/v2\/media?parent=44819"}],"curies":[{"name":"wp","href":"https:\/\/api.w.org\/{rel}","templated":true}]}}